{"id":31049,"date":"2025-11-06T11:49:10","date_gmt":"2025-11-06T11:49:10","guid":{"rendered":"https:\/\/cipele.ba\/shop\/uncategorized\/kronos-aurora-2\/"},"modified":"2026-04-20T00:20:05","modified_gmt":"2026-04-20T00:20:05","slug":"kronos-aurora-2","status":"publish","type":"product","link":"https:\/\/cipele.ba\/en\/shop\/zene\/zenske-patike\/kronos-aurora-2\/","title":{"rendered":"Kronos AURORA"},"content":{"rendered":"<p><!--googleoff: all--> <\/p>\n<p>Kronos Aurora \u017eenske patike donose udobnost i jednostavan lifestyle dizajn, savr\u0161en za svakodnevne aktivnosti. Sa mekanom unutra\u0161njo\u0161\u0107u i laganom konstrukcijom, ovaj model pru\u017ea prijatan osje\u0107aj pri svakom koraku \u2013 idealan za \u0161etnju, posao ili opu\u0161tene trenutke.<br \/>Detalji:<\/p>\n<li> Mekane i udobne \u2013 unutra\u0161nji sloj pru\u017ea osje\u0107aj lako\u0107e i komfora tokom cijelog dana.<\/li>\n<li> Lagani lifestyle dizajn \u2013 jednostavan izgled koji se lako uklapa uz razli\u010dite odjevne kombinacije.<\/li>\n<li> Prakti\u010dne za svakodnevnu upotrebu \u2013 idealne za \u017eene koje tra\u017ee balans izme\u0111u udobnosti i stila. <!--googleon: all--> <\/li>","protected":false},"excerpt":{"rendered":"<p>Kronos Aurora \u017eenske patike donose udobnost i jednostavan lifestyle dizajn, savr\u0161en za svakodnevne aktivnosti. Sa mekanom unutra\u0161njo\u0161\u0107u i laganom konstrukcijom, ovaj model pru\u017ea prijatan osje\u0107aj pri svakom koraku \u2013 idealan za \u0161etnju, posao ili opu\u0161tene trenutke.Detalji: Mekane i udobne \u2013 unutra\u0161nji sloj pru\u017ea osje\u0107aj lako\u0107e i komfora tokom cijelog dana. Lagani lifestyle dizajn \u2013 jednostavan [&hellip;]<\/p>","protected":false},"featured_media":31046,"template":"","meta":{"jetpack_post_was_ever_published":false},"product_brand":[111],"product_cat":[63],"product_tag":[],"class_list":{"0":"post-31049","1":"product","2":"type-product","3":"status-publish","4":"has-post-thumbnail","6":"product_brand-sport_reality","7":"product_cat-zenske-patike","9":"first","10":"instock","11":"shipping-taxable","12":"product-type-external"},"jetpack-related-posts":[],"jetpack_sharing_enabled":true,"_links":{"self":[{"href":"https:\/\/cipele.ba\/en\/wp-json\/wp\/v2\/product\/31049","targetHints":{"allow":["GET"]}}],"collection":[{"href":"https:\/\/cipele.ba\/en\/wp-json\/wp\/v2\/product"}],"about":[{"href":"https:\/\/cipele.ba\/en\/wp-json\/wp\/v2\/types\/product"}],"wp:featuredmedia":[{"embeddable":true,"href":"https:\/\/cipele.ba\/en\/wp-json\/wp\/v2\/media\/31046"}],"wp:attachment":[{"href":"https:\/\/cipele.ba\/en\/wp-json\/wp\/v2\/media?parent=31049"}],"wp:term":[{"taxonomy":"product_brand","embeddable":true,"href":"https:\/\/cipele.ba\/en\/wp-json\/wp\/v2\/product_brand?post=31049"},{"taxonomy":"product_cat","embeddable":true,"href":"https:\/\/cipele.ba\/en\/wp-json\/wp\/v2\/product_cat?post=31049"},{"taxonomy":"product_tag","embeddable":true,"href":"https:\/\/cipele.ba\/en\/wp-json\/wp\/v2\/product_tag?post=31049"}],"curies":[{"name":"wp","href":"https:\/\/api.w.org\/{rel}","templated":true}]}}