{"id":31054,"date":"2025-11-06T11:49:14","date_gmt":"2025-11-06T11:49:14","guid":{"rendered":"https:\/\/cipele.ba\/shop\/uncategorized\/puma-karmen-ii-idol-3\/"},"modified":"2026-04-19T18:56:16","modified_gmt":"2026-04-19T18:56:16","slug":"puma-karmen-ii-idol-3","status":"publish","type":"product","link":"https:\/\/cipele.ba\/en\/shop\/zene\/zenske-patike\/puma-karmen-ii-idol-3\/","title":{"rendered":"Puma Karmen II Idol"},"content":{"rendered":"<p><!--googleoff: all--> <\/p>\n<p> Puma Karmen II Idol su \u017eenske lifestyle patike sa teksturiranom gumenom platformom. <\/p>\n<\/p>\n<p> <b> Detalji <\/b> <\/p>\n<li> Softfoam+ ulo\u017eak je dizajniran da osigura meko amortizovanje zahvaljuju\u0107i izuzetno debeloj peti <\/li>\n<li> Regularno pristaje <\/li>\n<li> Gornji dio od ko\u017ee <\/li>\n<li> Mre\u017easta podstava <\/li>\n<li> Pertlanje <\/li>\n<li> Robustan gumeni potplat <\/li>\n<li> Stil platforme\n<\/p>\n<p> <b> Eko pri\u010da <\/b> <\/li>\n<li> Gornji dio je napravljen od najmanje 20% recikliranih materijala, a donji dio je napravljen od najmanje 10% recikliranih materijala <!--googleon: all--> <\/li>","protected":false},"excerpt":{"rendered":"<p>Puma Karmen II Idol su \u017eenske lifestyle patike sa teksturiranom gumenom platformom. Detalji Softfoam+ ulo\u017eak je dizajniran da osigura meko amortizovanje zahvaljuju\u0107i izuzetno debeloj peti Regularno pristaje Gornji dio od ko\u017ee Mre\u017easta podstava Pertlanje Robustan gumeni potplat Stil platforme Eko pri\u010da Gornji dio je napravljen od najmanje 20% recikliranih materijala, a donji dio je napravljen [&hellip;]<\/p>","protected":false},"featured_media":31052,"template":"","meta":{"jetpack_post_was_ever_published":false},"product_brand":[111],"product_cat":[63],"product_tag":[],"class_list":{"0":"post-31054","1":"product","2":"type-product","3":"status-publish","4":"has-post-thumbnail","6":"product_brand-sport_reality","7":"product_cat-zenske-patike","9":"first","10":"instock","11":"sale","12":"shipping-taxable","13":"product-type-external"},"jetpack-related-posts":[],"jetpack_sharing_enabled":true,"_links":{"self":[{"href":"https:\/\/cipele.ba\/en\/wp-json\/wp\/v2\/product\/31054","targetHints":{"allow":["GET"]}}],"collection":[{"href":"https:\/\/cipele.ba\/en\/wp-json\/wp\/v2\/product"}],"about":[{"href":"https:\/\/cipele.ba\/en\/wp-json\/wp\/v2\/types\/product"}],"wp:featuredmedia":[{"embeddable":true,"href":"https:\/\/cipele.ba\/en\/wp-json\/wp\/v2\/media\/31052"}],"wp:attachment":[{"href":"https:\/\/cipele.ba\/en\/wp-json\/wp\/v2\/media?parent=31054"}],"wp:term":[{"taxonomy":"product_brand","embeddable":true,"href":"https:\/\/cipele.ba\/en\/wp-json\/wp\/v2\/product_brand?post=31054"},{"taxonomy":"product_cat","embeddable":true,"href":"https:\/\/cipele.ba\/en\/wp-json\/wp\/v2\/product_cat?post=31054"},{"taxonomy":"product_tag","embeddable":true,"href":"https:\/\/cipele.ba\/en\/wp-json\/wp\/v2\/product_tag?post=31054"}],"curies":[{"name":"wp","href":"https:\/\/api.w.org\/{rel}","templated":true}]}}