{"id":31057,"date":"2025-11-06T11:49:17","date_gmt":"2025-11-06T11:49:17","guid":{"rendered":"https:\/\/cipele.ba\/shop\/uncategorized\/adidas-vl-court\/"},"modified":"2026-04-18T17:10:05","modified_gmt":"2026-04-18T17:10:05","slug":"adidas-vl-court","status":"publish","type":"product","link":"https:\/\/cipele.ba\/en\/shop\/zene\/zenske-patike\/adidas-vl-court\/","title":{"rendered":"adidas VL Court"},"content":{"rendered":"<p><!--googleoff: all--> <\/p>\n<p> adidas VL Court \u017eenske patike daju va\u0161oj garderobi momentalno osvje\u017eenje. <\/p>\n<\/p>\n<p> <b> Detalji <\/b> <\/p>\n<li> Atraktivna silueta i kultne 3 pruge ostavljaju utisak stila uz potpunu udobnost <\/li>\n<li> Meka postava i EVA ulo\u017eak u kombinaciji pru\u017eaju laganu amortizaciju va\u0161im stopalima <\/li>\n<li> Sinteti\u010dko gornji\u0161te va\u0161im stopalima pru\u017ea udobnost i toplotu <!--googleon: all--> <\/li>","protected":false},"excerpt":{"rendered":"<p>adidas VL Court \u017eenske patike daju va\u0161oj garderobi momentalno osvje\u017eenje. Detalji Atraktivna silueta i kultne 3 pruge ostavljaju utisak stila uz potpunu udobnost Meka postava i EVA ulo\u017eak u kombinaciji pru\u017eaju laganu amortizaciju va\u0161im stopalima Sinteti\u010dko gornji\u0161te va\u0161im stopalima pru\u017ea udobnost i toplotu<\/p>","protected":false},"featured_media":31051,"template":"","meta":{"jetpack_post_was_ever_published":false},"product_brand":[111],"product_cat":[63],"product_tag":[],"class_list":{"0":"post-31057","1":"product","2":"type-product","3":"status-publish","4":"has-post-thumbnail","6":"product_brand-sport_reality","7":"product_cat-zenske-patike","9":"first","10":"instock","11":"sale","12":"shipping-taxable","13":"product-type-external"},"jetpack-related-posts":[],"jetpack_sharing_enabled":true,"_links":{"self":[{"href":"https:\/\/cipele.ba\/en\/wp-json\/wp\/v2\/product\/31057","targetHints":{"allow":["GET"]}}],"collection":[{"href":"https:\/\/cipele.ba\/en\/wp-json\/wp\/v2\/product"}],"about":[{"href":"https:\/\/cipele.ba\/en\/wp-json\/wp\/v2\/types\/product"}],"wp:featuredmedia":[{"embeddable":true,"href":"https:\/\/cipele.ba\/en\/wp-json\/wp\/v2\/media\/31051"}],"wp:attachment":[{"href":"https:\/\/cipele.ba\/en\/wp-json\/wp\/v2\/media?parent=31057"}],"wp:term":[{"taxonomy":"product_brand","embeddable":true,"href":"https:\/\/cipele.ba\/en\/wp-json\/wp\/v2\/product_brand?post=31057"},{"taxonomy":"product_cat","embeddable":true,"href":"https:\/\/cipele.ba\/en\/wp-json\/wp\/v2\/product_cat?post=31057"},{"taxonomy":"product_tag","embeddable":true,"href":"https:\/\/cipele.ba\/en\/wp-json\/wp\/v2\/product_tag?post=31057"}],"curies":[{"name":"wp","href":"https:\/\/api.w.org\/{rel}","templated":true}]}}