{"id":31084,"date":"2025-11-06T11:49:31","date_gmt":"2025-11-06T11:49:31","guid":{"rendered":"https:\/\/cipele.ba\/shop\/uncategorized\/kronos-alexis\/"},"modified":"2026-04-22T01:10:53","modified_gmt":"2026-04-22T01:10:53","slug":"kronos-alexis","status":"publish","type":"product","link":"https:\/\/cipele.ba\/en\/shop\/zene\/zenske-patike\/kronos-alexis\/","title":{"rendered":"Kronos ALEXIS"},"content":{"rendered":"<p><!--googleoff: all--> <\/p>\n<p>Kronos Alexix \u017eenske patike nude savr\u0161en spoj udobnosti i svakodnevnog stila, uz dodatak ulo\u0161ka sa memorijskom pjenom koji se prilago\u0111ava obliku stopala. Dizajnirane za \u017eene koje su stalno u pokretu, ovaj model pru\u017ea lagan korak i osje\u0107aj potpune podr\u0161ke.<br \/>Detalji:<\/p>\n<li> Memory foam ulo\u017eak \u2013 oblikuje se prema stopalu za maksimalnu udobnost i rastere\u0107enje pritiska.<\/li>\n<li> Lagane i fleksibilne \u2013 idealne za svakodnevne aktivnosti, \u0161etnje i du\u017ee no\u0161enje.<\/li>\n<li> Lifestyle dizajn \u2013 jednostavan, ali moderan izgled koji se lako uklapa uz razli\u010dite odjevne kombinacije. <!--googleon: all--> <\/li>","protected":false},"excerpt":{"rendered":"<p>Kronos Alexix \u017eenske patike nude savr\u0161en spoj udobnosti i svakodnevnog stila, uz dodatak ulo\u0161ka sa memorijskom pjenom koji se prilago\u0111ava obliku stopala. Dizajnirane za \u017eene koje su stalno u pokretu, ovaj model pru\u017ea lagan korak i osje\u0107aj potpune podr\u0161ke.Detalji: Memory foam ulo\u017eak \u2013 oblikuje se prema stopalu za maksimalnu udobnost i rastere\u0107enje pritiska. Lagane i [&hellip;]<\/p>","protected":false},"featured_media":31081,"template":"","meta":{"jetpack_post_was_ever_published":false},"product_brand":[111],"product_cat":[63],"product_tag":[],"class_list":{"0":"post-31084","1":"product","2":"type-product","3":"status-publish","4":"has-post-thumbnail","6":"product_brand-sport_reality","7":"product_cat-zenske-patike","9":"first","10":"instock","11":"sale","12":"shipping-taxable","13":"product-type-external"},"jetpack-related-posts":[],"jetpack_sharing_enabled":true,"_links":{"self":[{"href":"https:\/\/cipele.ba\/en\/wp-json\/wp\/v2\/product\/31084","targetHints":{"allow":["GET"]}}],"collection":[{"href":"https:\/\/cipele.ba\/en\/wp-json\/wp\/v2\/product"}],"about":[{"href":"https:\/\/cipele.ba\/en\/wp-json\/wp\/v2\/types\/product"}],"wp:featuredmedia":[{"embeddable":true,"href":"https:\/\/cipele.ba\/en\/wp-json\/wp\/v2\/media\/31081"}],"wp:attachment":[{"href":"https:\/\/cipele.ba\/en\/wp-json\/wp\/v2\/media?parent=31084"}],"wp:term":[{"taxonomy":"product_brand","embeddable":true,"href":"https:\/\/cipele.ba\/en\/wp-json\/wp\/v2\/product_brand?post=31084"},{"taxonomy":"product_cat","embeddable":true,"href":"https:\/\/cipele.ba\/en\/wp-json\/wp\/v2\/product_cat?post=31084"},{"taxonomy":"product_tag","embeddable":true,"href":"https:\/\/cipele.ba\/en\/wp-json\/wp\/v2\/product_tag?post=31084"}],"curies":[{"name":"wp","href":"https:\/\/api.w.org\/{rel}","templated":true}]}}