{"id":31088,"date":"2025-11-06T11:49:33","date_gmt":"2025-11-06T11:49:33","guid":{"rendered":"https:\/\/cipele.ba\/shop\/uncategorized\/kronos-alexis-3\/"},"modified":"2026-04-21T15:25:04","modified_gmt":"2026-04-21T15:25:04","slug":"kronos-alexis-3","status":"publish","type":"product","link":"https:\/\/cipele.ba\/en\/shop\/zene\/zenske-patike\/kronos-alexis-3\/","title":{"rendered":"Kronos Alexis"},"content":{"rendered":"<p><!--googleoff: all--> <\/p>\n<p> Bilo da ste u teretani, na \u010dasu joge ili \u0161etate gradskim ulicama \u2013 nove Kronos Alexis \u017eenske lifestyle patike su savr\u0161en izbor. <\/p>\n<\/p>\n<p> <b> Detalji <\/b> <\/p>\n<li> Vezivanje pertlama <\/li>\n<li> Kronos logo <\/li>\n<li> Jezi\u010dak na peti <!--googleon: all--> <\/li>","protected":false},"excerpt":{"rendered":"<p>Bilo da ste u teretani, na \u010dasu joge ili \u0161etate gradskim ulicama \u2013 nove Kronos Alexis \u017eenske lifestyle patike su savr\u0161en izbor. Detalji Vezivanje pertlama Kronos logo Jezi\u010dak na peti<\/p>","protected":false},"featured_media":31085,"template":"","meta":{"jetpack_post_was_ever_published":false},"product_brand":[111],"product_cat":[63],"product_tag":[],"class_list":{"0":"post-31088","1":"product","2":"type-product","3":"status-publish","4":"has-post-thumbnail","6":"product_brand-sport_reality","7":"product_cat-zenske-patike","9":"first","10":"instock","11":"sale","12":"shipping-taxable","13":"product-type-external"},"jetpack-related-posts":[],"jetpack_sharing_enabled":true,"_links":{"self":[{"href":"https:\/\/cipele.ba\/en\/wp-json\/wp\/v2\/product\/31088","targetHints":{"allow":["GET"]}}],"collection":[{"href":"https:\/\/cipele.ba\/en\/wp-json\/wp\/v2\/product"}],"about":[{"href":"https:\/\/cipele.ba\/en\/wp-json\/wp\/v2\/types\/product"}],"wp:featuredmedia":[{"embeddable":true,"href":"https:\/\/cipele.ba\/en\/wp-json\/wp\/v2\/media\/31085"}],"wp:attachment":[{"href":"https:\/\/cipele.ba\/en\/wp-json\/wp\/v2\/media?parent=31088"}],"wp:term":[{"taxonomy":"product_brand","embeddable":true,"href":"https:\/\/cipele.ba\/en\/wp-json\/wp\/v2\/product_brand?post=31088"},{"taxonomy":"product_cat","embeddable":true,"href":"https:\/\/cipele.ba\/en\/wp-json\/wp\/v2\/product_cat?post=31088"},{"taxonomy":"product_tag","embeddable":true,"href":"https:\/\/cipele.ba\/en\/wp-json\/wp\/v2\/product_tag?post=31088"}],"curies":[{"name":"wp","href":"https:\/\/api.w.org\/{rel}","templated":true}]}}