{"id":31113,"date":"2025-11-06T11:49:45","date_gmt":"2025-11-06T11:49:45","guid":{"rendered":"https:\/\/cipele.ba\/shop\/uncategorized\/skechers-bobs-squad-waves-just-wading\/"},"modified":"2026-04-19T18:46:59","modified_gmt":"2026-04-19T18:46:59","slug":"skechers-bobs-squad-waves-just-wading","status":"publish","type":"product","link":"https:\/\/cipele.ba\/en\/shop\/zene\/zenske-patike\/skechers-bobs-squad-waves-just-wading\/","title":{"rendered":"Skechers BOBS SQUAD WAVES-JUST WADING"},"content":{"rendered":"<p><!--googleoff: all--> <\/p>\n<p>Savr\u0161ene za aktivan dan, duge \u0161etnje ili opu\u0161tene trenutke \u2013 ove patike nude izuzetnu udobnost bez kompromisa.<br \/>Detalji:<\/p>\n<li> Mekani, jastu\u010dasti \u0111on pru\u017ea osje\u0107aj lako\u0107e i podr\u0161ke pri svakom koraku.<\/li>\n<li> Ergonomski dizajn prati prirodan oblik stopala za dugotrajnu udobnost.<\/li>\n<li> Moderan izgled lako se uklapa uz sportski i casual stil. <!--googleon: all--> <\/li>","protected":false},"excerpt":{"rendered":"<p>Savr\u0161ene za aktivan dan, duge \u0161etnje ili opu\u0161tene trenutke \u2013 ove patike nude izuzetnu udobnost bez kompromisa.Detalji: Mekani, jastu\u010dasti \u0111on pru\u017ea osje\u0107aj lako\u0107e i podr\u0161ke pri svakom koraku. Ergonomski dizajn prati prirodan oblik stopala za dugotrajnu udobnost. Moderan izgled lako se uklapa uz sportski i casual stil.<\/p>","protected":false},"featured_media":31111,"template":"","meta":{"jetpack_post_was_ever_published":false},"product_brand":[111],"product_cat":[63],"product_tag":[],"class_list":{"0":"post-31113","1":"product","2":"type-product","3":"status-publish","4":"has-post-thumbnail","6":"product_brand-sport_reality","7":"product_cat-zenske-patike","9":"first","10":"instock","11":"sale","12":"shipping-taxable","13":"product-type-external"},"jetpack-related-posts":[],"jetpack_sharing_enabled":true,"_links":{"self":[{"href":"https:\/\/cipele.ba\/en\/wp-json\/wp\/v2\/product\/31113","targetHints":{"allow":["GET"]}}],"collection":[{"href":"https:\/\/cipele.ba\/en\/wp-json\/wp\/v2\/product"}],"about":[{"href":"https:\/\/cipele.ba\/en\/wp-json\/wp\/v2\/types\/product"}],"wp:featuredmedia":[{"embeddable":true,"href":"https:\/\/cipele.ba\/en\/wp-json\/wp\/v2\/media\/31111"}],"wp:attachment":[{"href":"https:\/\/cipele.ba\/en\/wp-json\/wp\/v2\/media?parent=31113"}],"wp:term":[{"taxonomy":"product_brand","embeddable":true,"href":"https:\/\/cipele.ba\/en\/wp-json\/wp\/v2\/product_brand?post=31113"},{"taxonomy":"product_cat","embeddable":true,"href":"https:\/\/cipele.ba\/en\/wp-json\/wp\/v2\/product_cat?post=31113"},{"taxonomy":"product_tag","embeddable":true,"href":"https:\/\/cipele.ba\/en\/wp-json\/wp\/v2\/product_tag?post=31113"}],"curies":[{"name":"wp","href":"https:\/\/api.w.org\/{rel}","templated":true}]}}