{"id":31134,"date":"2025-11-06T11:49:56","date_gmt":"2025-11-06T11:49:56","guid":{"rendered":"https:\/\/cipele.ba\/shop\/uncategorized\/nike-juniper-trail-3-4\/"},"modified":"2026-04-21T19:14:22","modified_gmt":"2026-04-21T19:14:22","slug":"nike-juniper-trail-3-4","status":"publish","type":"product","link":"https:\/\/cipele.ba\/en\/shop\/zene\/zenske-patike\/nike-juniper-trail-3-4\/","title":{"rendered":"Nike Juniper Trail 3"},"content":{"rendered":"<p><!--googleoff: all--> <\/p>\n<p> Osvajanje neravnih terena vi\u0161e nije nemogu\u0107a misija uz Nike Juniper Trail 3 \u017eenske patike za tr\u010danje. <\/p>\n<\/p>\n<p> <b> Detalji <\/b> <\/p>\n<li> Nike Trail ATC spoljni \u0111on od mje\u0161avine za sve terene koja je efikasna i na vla\u017enom vremenu vam pru\u017ea stabilnost na stazama <\/li>\n<li> Srednji \u0111on od pjene punom du\u017einom pru\u017ea mek i amortizovan do\u017eivljaj <\/li>\n<li> Fleksibilni sistem na sredini stopala povezuje gornji\u0161te i srednji \u0111on radi ve\u0107e potpore i stabilnosti <\/li>\n<li> Umek\u0161ali smo dodatne ta\u010dke du\u017e pjene na rubu i jezika da bismo smanjili ometanja <\/li>\n<li> Pad od pete do prstiju: 10 mm <\/li>\n<li> Te\u017eina: 272 g\n<\/p>\n<p> <b> Eco Story <\/b> <\/li>\n<li> Ovaj proizvod sadr\u017ei najmanje 20% recikliranog sadr\u017eaja po te\u017eini <!--googleon: all--> <\/li>","protected":false},"excerpt":{"rendered":"<p>Osvajanje neravnih terena vi\u0161e nije nemogu\u0107a misija uz Nike Juniper Trail 3 \u017eenske patike za tr\u010danje. Detalji Nike Trail ATC spoljni \u0111on od mje\u0161avine za sve terene koja je efikasna i na vla\u017enom vremenu vam pru\u017ea stabilnost na stazama Srednji \u0111on od pjene punom du\u017einom pru\u017ea mek i amortizovan do\u017eivljaj Fleksibilni sistem na sredini stopala [&hellip;]<\/p>","protected":false},"featured_media":31130,"template":"","meta":{"jetpack_post_was_ever_published":false},"product_brand":[111],"product_cat":[63],"product_tag":[],"class_list":{"0":"post-31134","1":"product","2":"type-product","3":"status-publish","4":"has-post-thumbnail","6":"product_brand-sport_reality","7":"product_cat-zenske-patike","9":"first","10":"instock","11":"shipping-taxable","12":"product-type-external"},"jetpack-related-posts":[],"jetpack_sharing_enabled":true,"_links":{"self":[{"href":"https:\/\/cipele.ba\/en\/wp-json\/wp\/v2\/product\/31134","targetHints":{"allow":["GET"]}}],"collection":[{"href":"https:\/\/cipele.ba\/en\/wp-json\/wp\/v2\/product"}],"about":[{"href":"https:\/\/cipele.ba\/en\/wp-json\/wp\/v2\/types\/product"}],"wp:featuredmedia":[{"embeddable":true,"href":"https:\/\/cipele.ba\/en\/wp-json\/wp\/v2\/media\/31130"}],"wp:attachment":[{"href":"https:\/\/cipele.ba\/en\/wp-json\/wp\/v2\/media?parent=31134"}],"wp:term":[{"taxonomy":"product_brand","embeddable":true,"href":"https:\/\/cipele.ba\/en\/wp-json\/wp\/v2\/product_brand?post=31134"},{"taxonomy":"product_cat","embeddable":true,"href":"https:\/\/cipele.ba\/en\/wp-json\/wp\/v2\/product_cat?post=31134"},{"taxonomy":"product_tag","embeddable":true,"href":"https:\/\/cipele.ba\/en\/wp-json\/wp\/v2\/product_tag?post=31134"}],"curies":[{"name":"wp","href":"https:\/\/api.w.org\/{rel}","templated":true}]}}