{"id":31145,"date":"2025-11-06T11:50:00","date_gmt":"2025-11-06T11:50:00","guid":{"rendered":"https:\/\/cipele.ba\/shop\/uncategorized\/skechers-bobs-b-flex-lo\/"},"modified":"2026-04-22T01:21:24","modified_gmt":"2026-04-22T01:21:24","slug":"skechers-bobs-b-flex-lo","status":"publish","type":"product","link":"https:\/\/cipele.ba\/en\/shop\/zene\/zenske-patike\/skechers-bobs-b-flex-lo\/","title":{"rendered":"Skechers BOBS B FLEX LO"},"content":{"rendered":"<p><!--googleoff: all--> <\/p>\n<p>Udobnost na prvom mjestu \u2013 ove patike pru\u017eaju osje\u0107aj lako\u0107e pri svakom koraku. Zahvaljuju\u0107i vodootpornom gornji\u0161tu, idealne su za promjenjive vremenske uslove.<br \/>Detalji:<\/p>\n<li> Mekani jastu\u010dasti \u0111on za dugotrajnu udobnost<\/li>\n<li> Vodootporna povr\u0161ina \u0161titi od vlage i ki\u0161e<\/li>\n<li> Lagani materijal omogu\u0107ava slobodno kretanje tokom cijelog dana <!--googleon: all--> <\/li>","protected":false},"excerpt":{"rendered":"<p>Udobnost na prvom mjestu \u2013 ove patike pru\u017eaju osje\u0107aj lako\u0107e pri svakom koraku. Zahvaljuju\u0107i vodootpornom gornji\u0161tu, idealne su za promjenjive vremenske uslove.Detalji: Mekani jastu\u010dasti \u0111on za dugotrajnu udobnost Vodootporna povr\u0161ina \u0161titi od vlage i ki\u0161e Lagani materijal omogu\u0107ava slobodno kretanje tokom cijelog dana<\/p>","protected":false},"featured_media":31141,"template":"","meta":{"jetpack_post_was_ever_published":false},"product_brand":[111],"product_cat":[63],"product_tag":[],"class_list":{"0":"post-31145","1":"product","2":"type-product","3":"status-publish","4":"has-post-thumbnail","6":"product_brand-sport_reality","7":"product_cat-zenske-patike","9":"first","10":"instock","11":"sale","12":"shipping-taxable","13":"product-type-external"},"jetpack-related-posts":[],"jetpack_sharing_enabled":true,"_links":{"self":[{"href":"https:\/\/cipele.ba\/en\/wp-json\/wp\/v2\/product\/31145","targetHints":{"allow":["GET"]}}],"collection":[{"href":"https:\/\/cipele.ba\/en\/wp-json\/wp\/v2\/product"}],"about":[{"href":"https:\/\/cipele.ba\/en\/wp-json\/wp\/v2\/types\/product"}],"wp:featuredmedia":[{"embeddable":true,"href":"https:\/\/cipele.ba\/en\/wp-json\/wp\/v2\/media\/31141"}],"wp:attachment":[{"href":"https:\/\/cipele.ba\/en\/wp-json\/wp\/v2\/media?parent=31145"}],"wp:term":[{"taxonomy":"product_brand","embeddable":true,"href":"https:\/\/cipele.ba\/en\/wp-json\/wp\/v2\/product_brand?post=31145"},{"taxonomy":"product_cat","embeddable":true,"href":"https:\/\/cipele.ba\/en\/wp-json\/wp\/v2\/product_cat?post=31145"},{"taxonomy":"product_tag","embeddable":true,"href":"https:\/\/cipele.ba\/en\/wp-json\/wp\/v2\/product_tag?post=31145"}],"curies":[{"name":"wp","href":"https:\/\/api.w.org\/{rel}","templated":true}]}}