{"id":31152,"date":"2025-11-06T11:50:04","date_gmt":"2025-11-06T11:50:04","guid":{"rendered":"https:\/\/cipele.ba\/shop\/uncategorized\/puma-karmen-ii-3\/"},"modified":"2026-04-21T22:06:38","modified_gmt":"2026-04-21T22:06:38","slug":"puma-karmen-ii-3","status":"publish","type":"product","link":"https:\/\/cipele.ba\/en\/shop\/zene\/zenske-patike\/puma-karmen-ii-3\/","title":{"rendered":"Puma Karmen II"},"content":{"rendered":"<p><!--googleoff: all--> <\/p>\n<p> Puma Karmen II \u017eenske lifestyle patike nude svestrano pristajanje, savr\u0161ene za kretanje gradskim ulicama ili u\u017eivanje u opu\u0161tenim izlascima sa stilom. <\/p>\n<\/p>\n<p> <b> Detalji <\/b> <\/p>\n<li> Softfoam+ je dizajniran da pru\u017ei vrhunsku udobnost nude\u0107i meko ubla\u017eavanje, zahvaljuju\u0107i dodatno debeloj peti koja pobolj\u0161ava podr\u0161ku i apsorbuje udarce pri svakom koraku <\/li>\n<li> Ove patike imaju platformsku petu i izdr\u017eljiv gumeni \u0111on za dodatnu visinu i pouzdano prianjanje. <!--googleon: all--> <\/li>","protected":false},"excerpt":{"rendered":"<p>Puma Karmen II \u017eenske lifestyle patike nude svestrano pristajanje, savr\u0161ene za kretanje gradskim ulicama ili u\u017eivanje u opu\u0161tenim izlascima sa stilom. Detalji Softfoam+ je dizajniran da pru\u017ei vrhunsku udobnost nude\u0107i meko ubla\u017eavanje, zahvaljuju\u0107i dodatno debeloj peti koja pobolj\u0161ava podr\u0161ku i apsorbuje udarce pri svakom koraku Ove patike imaju platformsku petu i izdr\u017eljiv gumeni \u0111on za [&hellip;]<\/p>","protected":false},"featured_media":31148,"template":"","meta":{"jetpack_post_was_ever_published":false},"product_brand":[111],"product_cat":[63],"product_tag":[],"class_list":{"0":"post-31152","1":"product","2":"type-product","3":"status-publish","4":"has-post-thumbnail","6":"product_brand-sport_reality","7":"product_cat-zenske-patike","9":"first","10":"instock","11":"sale","12":"shipping-taxable","13":"product-type-external"},"jetpack-related-posts":[],"jetpack_sharing_enabled":true,"_links":{"self":[{"href":"https:\/\/cipele.ba\/en\/wp-json\/wp\/v2\/product\/31152","targetHints":{"allow":["GET"]}}],"collection":[{"href":"https:\/\/cipele.ba\/en\/wp-json\/wp\/v2\/product"}],"about":[{"href":"https:\/\/cipele.ba\/en\/wp-json\/wp\/v2\/types\/product"}],"wp:featuredmedia":[{"embeddable":true,"href":"https:\/\/cipele.ba\/en\/wp-json\/wp\/v2\/media\/31148"}],"wp:attachment":[{"href":"https:\/\/cipele.ba\/en\/wp-json\/wp\/v2\/media?parent=31152"}],"wp:term":[{"taxonomy":"product_brand","embeddable":true,"href":"https:\/\/cipele.ba\/en\/wp-json\/wp\/v2\/product_brand?post=31152"},{"taxonomy":"product_cat","embeddable":true,"href":"https:\/\/cipele.ba\/en\/wp-json\/wp\/v2\/product_cat?post=31152"},{"taxonomy":"product_tag","embeddable":true,"href":"https:\/\/cipele.ba\/en\/wp-json\/wp\/v2\/product_tag?post=31152"}],"curies":[{"name":"wp","href":"https:\/\/api.w.org\/{rel}","templated":true}]}}