{"id":31154,"date":"2025-11-06T11:50:05","date_gmt":"2025-11-06T11:50:05","guid":{"rendered":"https:\/\/cipele.ba\/shop\/uncategorized\/puma-cassia-2-0\/"},"modified":"2026-04-21T23:39:24","modified_gmt":"2026-04-21T23:39:24","slug":"puma-cassia-2-0","status":"publish","type":"product","link":"https:\/\/cipele.ba\/en\/shop\/zene\/zenske-patike\/puma-cassia-2-0\/","title":{"rendered":"Puma Cassia 2.0"},"content":{"rendered":"<p><!--googleoff: all--> <\/p>\n<p> Puma Cassia 2.0 \u017eenske lifestyle patike kombinuju samopouzdanje, le\u017eeran stil i moderan dizajn sa dozom smjelosti, stvaraju\u0107i upe\u010datljiv izgled bez rije\u010di. <\/p>\n<\/p>\n<p> <b> Detalji <\/b> <\/p>\n<li> Softfoam+ je dizajniran da pru\u017ei vrhunsku udobnost nude\u0107i meko ubla\u017eavanje, zahvaljuju\u0107i dodatno debelom \u0111onu koji poja\u010dava podr\u0161ku i apsorbuje udarce pri svakom koraku <\/li>\n<li> Fleksibilna EVA pjena koja pru\u017ea izvanredno ubla\u017eavanje i udobnost\n<\/p>\n<p> <b> Eko pri\u010da <\/b> <\/li>\n<li> Gornji dio patika je napravljen sa najmanje 20% recikliranih materijala<\/li>\n<p> <!--googleon: all--><\/p>","protected":false},"excerpt":{"rendered":"<p>Puma Cassia 2.0 \u017eenske lifestyle patike kombinuju samopouzdanje, le\u017eeran stil i moderan dizajn sa dozom smjelosti, stvaraju\u0107i upe\u010datljiv izgled bez rije\u010di. Detalji Softfoam+ je dizajniran da pru\u017ei vrhunsku udobnost nude\u0107i meko ubla\u017eavanje, zahvaljuju\u0107i dodatno debelom \u0111onu koji poja\u010dava podr\u0161ku i apsorbuje udarce pri svakom koraku Fleksibilna EVA pjena koja pru\u017ea izvanredno ubla\u017eavanje i udobnost Eko [&hellip;]<\/p>","protected":false},"featured_media":31150,"template":"","meta":{"jetpack_post_was_ever_published":false},"product_brand":[111],"product_cat":[63],"product_tag":[],"class_list":{"0":"post-31154","1":"product","2":"type-product","3":"status-publish","4":"has-post-thumbnail","6":"product_brand-sport_reality","7":"product_cat-zenske-patike","9":"first","10":"instock","11":"sale","12":"shipping-taxable","13":"product-type-external"},"jetpack-related-posts":[],"jetpack_sharing_enabled":true,"_links":{"self":[{"href":"https:\/\/cipele.ba\/en\/wp-json\/wp\/v2\/product\/31154","targetHints":{"allow":["GET"]}}],"collection":[{"href":"https:\/\/cipele.ba\/en\/wp-json\/wp\/v2\/product"}],"about":[{"href":"https:\/\/cipele.ba\/en\/wp-json\/wp\/v2\/types\/product"}],"wp:featuredmedia":[{"embeddable":true,"href":"https:\/\/cipele.ba\/en\/wp-json\/wp\/v2\/media\/31150"}],"wp:attachment":[{"href":"https:\/\/cipele.ba\/en\/wp-json\/wp\/v2\/media?parent=31154"}],"wp:term":[{"taxonomy":"product_brand","embeddable":true,"href":"https:\/\/cipele.ba\/en\/wp-json\/wp\/v2\/product_brand?post=31154"},{"taxonomy":"product_cat","embeddable":true,"href":"https:\/\/cipele.ba\/en\/wp-json\/wp\/v2\/product_cat?post=31154"},{"taxonomy":"product_tag","embeddable":true,"href":"https:\/\/cipele.ba\/en\/wp-json\/wp\/v2\/product_tag?post=31154"}],"curies":[{"name":"wp","href":"https:\/\/api.w.org\/{rel}","templated":true}]}}