{"id":31163,"date":"2025-11-06T11:50:09","date_gmt":"2025-11-06T11:50:09","guid":{"rendered":"https:\/\/cipele.ba\/shop\/uncategorized\/skechers-bobs-b-flex-2\/"},"modified":"2026-04-21T15:12:36","modified_gmt":"2026-04-21T15:12:36","slug":"skechers-bobs-b-flex-2","status":"publish","type":"product","link":"https:\/\/cipele.ba\/en\/shop\/zene\/zenske-patike\/skechers-bobs-b-flex-2\/","title":{"rendered":"Skechers Bobs B Flex"},"content":{"rendered":"<p><!--googleoff: all--> <\/p>\n<p> Skechers Bobs B Flex su \u017eenske lifestyle patike sa klasi\u010dnim izgledom i cjelodnevnom udobno\u0161\u0107u. <\/p>\n<\/p>\n<p> <b> Detalji <\/b> <\/p>\n<li> Vezanje na pertle <\/li>\n<li> Niski profil <\/li>\n<li> Izdr\u017eljiv gornji dio <\/li>\n<li> Gumeni \u0111on <\/li>\n<li> Jezi\u010dak za povla\u010denje na peti <!--googleon: all--> <\/li>","protected":false},"excerpt":{"rendered":"<p>Skechers Bobs B Flex su \u017eenske lifestyle patike sa klasi\u010dnim izgledom i cjelodnevnom udobno\u0161\u0107u. Detalji Vezanje na pertle Niski profil Izdr\u017eljiv gornji dio Gumeni \u0111on Jezi\u010dak za povla\u010denje na peti<\/p>","protected":false},"featured_media":31159,"template":"","meta":{"jetpack_post_was_ever_published":false},"product_brand":[111],"product_cat":[63],"product_tag":[],"class_list":{"0":"post-31163","1":"product","2":"type-product","3":"status-publish","4":"has-post-thumbnail","6":"product_brand-sport_reality","7":"product_cat-zenske-patike","9":"first","10":"instock","11":"sale","12":"shipping-taxable","13":"product-type-external"},"jetpack-related-posts":[],"jetpack_sharing_enabled":true,"_links":{"self":[{"href":"https:\/\/cipele.ba\/en\/wp-json\/wp\/v2\/product\/31163","targetHints":{"allow":["GET"]}}],"collection":[{"href":"https:\/\/cipele.ba\/en\/wp-json\/wp\/v2\/product"}],"about":[{"href":"https:\/\/cipele.ba\/en\/wp-json\/wp\/v2\/types\/product"}],"wp:featuredmedia":[{"embeddable":true,"href":"https:\/\/cipele.ba\/en\/wp-json\/wp\/v2\/media\/31159"}],"wp:attachment":[{"href":"https:\/\/cipele.ba\/en\/wp-json\/wp\/v2\/media?parent=31163"}],"wp:term":[{"taxonomy":"product_brand","embeddable":true,"href":"https:\/\/cipele.ba\/en\/wp-json\/wp\/v2\/product_brand?post=31163"},{"taxonomy":"product_cat","embeddable":true,"href":"https:\/\/cipele.ba\/en\/wp-json\/wp\/v2\/product_cat?post=31163"},{"taxonomy":"product_tag","embeddable":true,"href":"https:\/\/cipele.ba\/en\/wp-json\/wp\/v2\/product_tag?post=31163"}],"curies":[{"name":"wp","href":"https:\/\/api.w.org\/{rel}","templated":true}]}}