{"id":31180,"date":"2025-11-06T11:50:18","date_gmt":"2025-11-06T11:50:18","guid":{"rendered":"https:\/\/cipele.ba\/shop\/uncategorized\/puma-puma-carina-mia-sd\/"},"modified":"2026-04-19T08:45:01","modified_gmt":"2026-04-19T08:45:01","slug":"puma-puma-carina-mia-sd","status":"publish","type":"product","link":"https:\/\/cipele.ba\/en\/shop\/zene\/zenske-patike\/puma-puma-carina-mia-sd\/","title":{"rendered":"Puma Puma Carina Mia SD"},"content":{"rendered":"<p><!--googleoff: all--> <\/p>\n<p>Puma Carina Mia SD patike donose svje\u017einu uli\u010dne mode uz prepoznatljiv Puma stil. Dizajnirane za svakodnevnu udobnost i lako kombinovanje, ove plitke patike sa ravnim \u0111onom savr\u0161eno spajaju jednostavnost i trend.<br \/>Detalji:<\/p>\n<li> Uli\u010dna inspiracija \u2013 moderan dizajn koji prati aktuelne street style trendove.<\/li>\n<li> Lako se kombinuju \u2013 neutralne boje i \u010dist izgled \u010dine ih idealnim za razne odjevne kombinacije.<\/li>\n<li> Udobnost bez kompromisa \u2013 ravni \u0111on i mekani materijali pru\u017eaju prijatan osje\u0107aj tokom cijelog dana. <!--googleon: all--> <\/li>","protected":false},"excerpt":{"rendered":"<p>Puma Carina Mia SD patike donose svje\u017einu uli\u010dne mode uz prepoznatljiv Puma stil. Dizajnirane za svakodnevnu udobnost i lako kombinovanje, ove plitke patike sa ravnim \u0111onom savr\u0161eno spajaju jednostavnost i trend.Detalji: Uli\u010dna inspiracija \u2013 moderan dizajn koji prati aktuelne street style trendove. Lako se kombinuju \u2013 neutralne boje i \u010dist izgled \u010dine ih idealnim za [&hellip;]<\/p>","protected":false},"featured_media":31175,"template":"","meta":{"jetpack_post_was_ever_published":false},"product_brand":[111],"product_cat":[63],"product_tag":[],"class_list":{"0":"post-31180","1":"product","2":"type-product","3":"status-publish","4":"has-post-thumbnail","6":"product_brand-sport_reality","7":"product_cat-zenske-patike","9":"first","10":"instock","11":"sale","12":"shipping-taxable","13":"product-type-external"},"jetpack-related-posts":[],"jetpack_sharing_enabled":true,"_links":{"self":[{"href":"https:\/\/cipele.ba\/en\/wp-json\/wp\/v2\/product\/31180","targetHints":{"allow":["GET"]}}],"collection":[{"href":"https:\/\/cipele.ba\/en\/wp-json\/wp\/v2\/product"}],"about":[{"href":"https:\/\/cipele.ba\/en\/wp-json\/wp\/v2\/types\/product"}],"wp:featuredmedia":[{"embeddable":true,"href":"https:\/\/cipele.ba\/en\/wp-json\/wp\/v2\/media\/31175"}],"wp:attachment":[{"href":"https:\/\/cipele.ba\/en\/wp-json\/wp\/v2\/media?parent=31180"}],"wp:term":[{"taxonomy":"product_brand","embeddable":true,"href":"https:\/\/cipele.ba\/en\/wp-json\/wp\/v2\/product_brand?post=31180"},{"taxonomy":"product_cat","embeddable":true,"href":"https:\/\/cipele.ba\/en\/wp-json\/wp\/v2\/product_cat?post=31180"},{"taxonomy":"product_tag","embeddable":true,"href":"https:\/\/cipele.ba\/en\/wp-json\/wp\/v2\/product_tag?post=31180"}],"curies":[{"name":"wp","href":"https:\/\/api.w.org\/{rel}","templated":true}]}}