{"id":31204,"date":"2025-11-06T11:50:31","date_gmt":"2025-11-06T11:50:31","guid":{"rendered":"https:\/\/cipele.ba\/shop\/uncategorized\/nike-initiator-2\/"},"modified":"2026-04-18T19:48:46","modified_gmt":"2026-04-18T19:48:46","slug":"nike-initiator-2","status":"publish","type":"product","link":"https:\/\/cipele.ba\/en\/shop\/zene\/zenske-patike\/nike-initiator-2\/","title":{"rendered":"Nike Initiator"},"content":{"rendered":"<p><!--googleoff: all--> <\/p>\n<p> Pre\u0111ite na kilometre uz udobnu potporu ovih \u017eenskih lifestyle patika Nike Initiator. <\/p>\n<\/p>\n<p> <b> Detalji: <\/b> <\/p>\n<li> Prozra\u010dno gornji\u0161te s mekom amortizacijom <\/li>\n<li> Potporni preklopi centriraju va\u0161e stopalo u patici <\/li>\n<li> Pjenasti srednji \u0111on pru\u017ea meko, amortizovano kretanje <\/li>\n<li> Fleksibilni \u017eljebovi u spoljnom \u0111onu vam poma\u017eu da se slobodno kre\u0107ete <!--googleon: all--> <\/li>","protected":false},"excerpt":{"rendered":"<p>Pre\u0111ite na kilometre uz udobnu potporu ovih \u017eenskih lifestyle patika Nike Initiator. Detalji: Prozra\u010dno gornji\u0161te s mekom amortizacijom Potporni preklopi centriraju va\u0161e stopalo u patici Pjenasti srednji \u0111on pru\u017ea meko, amortizovano kretanje Fleksibilni \u017eljebovi u spoljnom \u0111onu vam poma\u017eu da se slobodno kre\u0107ete<\/p>","protected":false},"featured_media":31200,"template":"","meta":{"jetpack_post_was_ever_published":false},"product_brand":[111],"product_cat":[63],"product_tag":[],"class_list":{"0":"post-31204","1":"product","2":"type-product","3":"status-publish","4":"has-post-thumbnail","6":"product_brand-sport_reality","7":"product_cat-zenske-patike","9":"first","10":"instock","11":"shipping-taxable","12":"product-type-external"},"jetpack-related-posts":[],"jetpack_sharing_enabled":true,"_links":{"self":[{"href":"https:\/\/cipele.ba\/en\/wp-json\/wp\/v2\/product\/31204","targetHints":{"allow":["GET"]}}],"collection":[{"href":"https:\/\/cipele.ba\/en\/wp-json\/wp\/v2\/product"}],"about":[{"href":"https:\/\/cipele.ba\/en\/wp-json\/wp\/v2\/types\/product"}],"wp:featuredmedia":[{"embeddable":true,"href":"https:\/\/cipele.ba\/en\/wp-json\/wp\/v2\/media\/31200"}],"wp:attachment":[{"href":"https:\/\/cipele.ba\/en\/wp-json\/wp\/v2\/media?parent=31204"}],"wp:term":[{"taxonomy":"product_brand","embeddable":true,"href":"https:\/\/cipele.ba\/en\/wp-json\/wp\/v2\/product_brand?post=31204"},{"taxonomy":"product_cat","embeddable":true,"href":"https:\/\/cipele.ba\/en\/wp-json\/wp\/v2\/product_cat?post=31204"},{"taxonomy":"product_tag","embeddable":true,"href":"https:\/\/cipele.ba\/en\/wp-json\/wp\/v2\/product_tag?post=31204"}],"curies":[{"name":"wp","href":"https:\/\/api.w.org\/{rel}","templated":true}]}}