{"id":31206,"date":"2025-11-06T11:50:31","date_gmt":"2025-11-06T11:50:31","guid":{"rendered":"https:\/\/cipele.ba\/shop\/uncategorized\/nike-revolution-8-9\/"},"modified":"2026-04-21T06:53:36","modified_gmt":"2026-04-21T06:53:36","slug":"nike-revolution-8-9","status":"publish","type":"product","link":"https:\/\/cipele.ba\/en\/shop\/zene\/zenske-patike\/nike-revolution-8-9\/","title":{"rendered":"Nike Revolution 8"},"content":{"rendered":"<p><!--googleoff: all--> <\/p>\n<p> Nike Revolution 8 \u017eenske patike za tr\u010danje su evolucija va\u0161eg vjernog favorita. Svaki korak je amortizovan zahvaljuju\u0107i pjenastom me\u0111u\u0111onu i fleksibilnom prednjem dijelu stopala koji \u010dini va\u0161e korake mekim. Osim toga, mre\u017easti gornji dio je jo\u0161 prozra\u010dniji nego prethodna verzija, tako da mo\u017eete tr\u010dati u hladnom, pribranom komforu. <\/p>\n<\/p>\n<p> <b> Detalji <\/b> <\/p>\n<li> Mre\u017easti gornji dio nudi udoban, prozra\u010dan osje\u0107aj <\/li>\n<li> Pjenasti me\u0111u\u0111on pru\u017ea intuitivno amortizovanje kroz geometriju fokusiranu na udobnost <\/li>\n<li> \u0110on ima intuitivan Nike dizajn i fleksibilne \u017eljebove u prednjem dijelu stopala koji stvaraju udoban i amortizovan efekat dok tr\u010dite <\/li>\n<li> Ta\u010dke dodira na peti i jeziku stvaraju prirodan osje\u0107aj dok obuvate i izuvate patike <\/li>\n<li> Mre\u017ea na gornjem dijelu je prozra\u010dnija nego kod Revolution 7, poma\u017eu\u0107i da ostanete hladni <\/li>\n<li> Te\u017eina: Pribli\u017eno 236g\/8.3oz (\u017denske US 8) <\/li>\n<li> Pad od pete do prstiju: 10mm <!--googleon: all--> <\/li>","protected":false},"excerpt":{"rendered":"<p>Nike Revolution 8 \u017eenske patike za tr\u010danje su evolucija va\u0161eg vjernog favorita. Svaki korak je amortizovan zahvaljuju\u0107i pjenastom me\u0111u\u0111onu i fleksibilnom prednjem dijelu stopala koji \u010dini va\u0161e korake mekim. Osim toga, mre\u017easti gornji dio je jo\u0161 prozra\u010dniji nego prethodna verzija, tako da mo\u017eete tr\u010dati u hladnom, pribranom komforu. Detalji Mre\u017easti gornji dio nudi udoban, prozra\u010dan [&hellip;]<\/p>","protected":false},"featured_media":31202,"template":"","meta":{"jetpack_post_was_ever_published":false},"product_brand":[111],"product_cat":[63],"product_tag":[],"class_list":{"0":"post-31206","1":"product","2":"type-product","3":"status-publish","4":"has-post-thumbnail","6":"product_brand-sport_reality","7":"product_cat-zenske-patike","9":"first","10":"instock","11":"sale","12":"shipping-taxable","13":"product-type-external"},"jetpack-related-posts":[],"jetpack_sharing_enabled":true,"_links":{"self":[{"href":"https:\/\/cipele.ba\/en\/wp-json\/wp\/v2\/product\/31206","targetHints":{"allow":["GET"]}}],"collection":[{"href":"https:\/\/cipele.ba\/en\/wp-json\/wp\/v2\/product"}],"about":[{"href":"https:\/\/cipele.ba\/en\/wp-json\/wp\/v2\/types\/product"}],"wp:featuredmedia":[{"embeddable":true,"href":"https:\/\/cipele.ba\/en\/wp-json\/wp\/v2\/media\/31202"}],"wp:attachment":[{"href":"https:\/\/cipele.ba\/en\/wp-json\/wp\/v2\/media?parent=31206"}],"wp:term":[{"taxonomy":"product_brand","embeddable":true,"href":"https:\/\/cipele.ba\/en\/wp-json\/wp\/v2\/product_brand?post=31206"},{"taxonomy":"product_cat","embeddable":true,"href":"https:\/\/cipele.ba\/en\/wp-json\/wp\/v2\/product_cat?post=31206"},{"taxonomy":"product_tag","embeddable":true,"href":"https:\/\/cipele.ba\/en\/wp-json\/wp\/v2\/product_tag?post=31206"}],"curies":[{"name":"wp","href":"https:\/\/api.w.org\/{rel}","templated":true}]}}