{"id":31213,"date":"2025-11-06T11:50:35","date_gmt":"2025-11-06T11:50:35","guid":{"rendered":"https:\/\/cipele.ba\/shop\/uncategorized\/adidas-vl-court-base-3\/"},"modified":"2026-04-21T10:44:05","modified_gmt":"2026-04-21T10:44:05","slug":"adidas-vl-court-base-3","status":"publish","type":"product","link":"https:\/\/cipele.ba\/en\/shop\/zene\/zenske-patike\/adidas-vl-court-base-3\/","title":{"rendered":"adidas VL Court Base"},"content":{"rendered":"<p><!--googleoff: all--> <\/p>\n<p> adidas VL Court Base \u017eenske lifestyle patike imaju bezvremenski dizajn koji se sla\u017ee sa svime iz va\u0161eg ormara. <\/p>\n<\/p>\n<p> <b> Detalji <\/b> <\/p>\n<li> Moderne i dobro poznate 3-Stripes karakteristike <\/li>\n<li> Glatko sinteti\u010dko gornji\u0161te <\/li>\n<li> Fleksibilni gumeni spoljni \u0111on za bolju udobnost\n<\/p>\n<p> <b> Eco story: <\/b> <\/li>\n<li> Napravljeno sa razli\u010ditim recikliranim materijalima, ovo gornji\u0161te sadr\u017ei najmanje 50% recikliranih materijala. <!--googleon: all--> <\/li>","protected":false},"excerpt":{"rendered":"<p>adidas VL Court Base \u017eenske lifestyle patike imaju bezvremenski dizajn koji se sla\u017ee sa svime iz va\u0161eg ormara. Detalji Moderne i dobro poznate 3-Stripes karakteristike Glatko sinteti\u010dko gornji\u0161te Fleksibilni gumeni spoljni \u0111on za bolju udobnost Eco story: Napravljeno sa razli\u010ditim recikliranim materijalima, ovo gornji\u0161te sadr\u017ei najmanje 50% recikliranih materijala.<\/p>","protected":false},"featured_media":31209,"template":"","meta":{"jetpack_post_was_ever_published":false},"product_brand":[111],"product_cat":[63],"product_tag":[],"class_list":{"0":"post-31213","1":"product","2":"type-product","3":"status-publish","4":"has-post-thumbnail","6":"product_brand-sport_reality","7":"product_cat-zenske-patike","9":"first","10":"instock","11":"sale","12":"shipping-taxable","13":"product-type-external"},"jetpack-related-posts":[],"jetpack_sharing_enabled":true,"_links":{"self":[{"href":"https:\/\/cipele.ba\/en\/wp-json\/wp\/v2\/product\/31213","targetHints":{"allow":["GET"]}}],"collection":[{"href":"https:\/\/cipele.ba\/en\/wp-json\/wp\/v2\/product"}],"about":[{"href":"https:\/\/cipele.ba\/en\/wp-json\/wp\/v2\/types\/product"}],"wp:featuredmedia":[{"embeddable":true,"href":"https:\/\/cipele.ba\/en\/wp-json\/wp\/v2\/media\/31209"}],"wp:attachment":[{"href":"https:\/\/cipele.ba\/en\/wp-json\/wp\/v2\/media?parent=31213"}],"wp:term":[{"taxonomy":"product_brand","embeddable":true,"href":"https:\/\/cipele.ba\/en\/wp-json\/wp\/v2\/product_brand?post=31213"},{"taxonomy":"product_cat","embeddable":true,"href":"https:\/\/cipele.ba\/en\/wp-json\/wp\/v2\/product_cat?post=31213"},{"taxonomy":"product_tag","embeddable":true,"href":"https:\/\/cipele.ba\/en\/wp-json\/wp\/v2\/product_tag?post=31213"}],"curies":[{"name":"wp","href":"https:\/\/api.w.org\/{rel}","templated":true}]}}