{"id":31222,"date":"2025-11-06T11:50:40","date_gmt":"2025-11-06T11:50:40","guid":{"rendered":"https:\/\/cipele.ba\/shop\/uncategorized\/adidas-vl-court-base-4\/"},"modified":"2026-04-20T00:08:54","modified_gmt":"2026-04-20T00:08:54","slug":"adidas-vl-court-base-4","status":"publish","type":"product","link":"https:\/\/cipele.ba\/en\/shop\/zene\/zenske-patike\/adidas-vl-court-base-4\/","title":{"rendered":"adidas VL Court Base"},"content":{"rendered":"<p><!--googleoff: all--> <\/p>\n<p>Bezvremenski dizajn koji se uklapa uz gotovo sve iz tvog ormara. Ove adidas patike isti\u010du uvijek modernih tri pruge. Glatki sinteti\u010dki gornji\u0161te oblo\u017eeno je za mekan osje\u0107aj na stopalu. Fleksibilni gumeni \u0111on vodi te kroz sve sezone bez napora.<br \/>Detalji:<\/p>\n<li> Bezvremenski dizajn koji se lako kombinuje uz razli\u010dite stilove.<\/li>\n<li> Tri pruge kao prepoznatljiv adidas potpis.<\/li>\n<li> Fleksibilni gumeni \u0111on za udobnost i prilagodljivost tokom cijele godine. <!--googleon: all--> <\/li>","protected":false},"excerpt":{"rendered":"<p>Bezvremenski dizajn koji se uklapa uz gotovo sve iz tvog ormara. Ove adidas patike isti\u010du uvijek modernih tri pruge. Glatki sinteti\u010dki gornji\u0161te oblo\u017eeno je za mekan osje\u0107aj na stopalu. Fleksibilni gumeni \u0111on vodi te kroz sve sezone bez napora.Detalji: Bezvremenski dizajn koji se lako kombinuje uz razli\u010dite stilove. Tri pruge kao prepoznatljiv adidas potpis. Fleksibilni [&hellip;]<\/p>","protected":false},"featured_media":31218,"template":"","meta":{"jetpack_post_was_ever_published":false},"product_brand":[111],"product_cat":[63],"product_tag":[],"class_list":{"0":"post-31222","1":"product","2":"type-product","3":"status-publish","4":"has-post-thumbnail","6":"product_brand-sport_reality","7":"product_cat-zenske-patike","9":"first","10":"instock","11":"shipping-taxable","12":"product-type-external"},"jetpack-related-posts":[],"jetpack_sharing_enabled":true,"_links":{"self":[{"href":"https:\/\/cipele.ba\/en\/wp-json\/wp\/v2\/product\/31222","targetHints":{"allow":["GET"]}}],"collection":[{"href":"https:\/\/cipele.ba\/en\/wp-json\/wp\/v2\/product"}],"about":[{"href":"https:\/\/cipele.ba\/en\/wp-json\/wp\/v2\/types\/product"}],"wp:featuredmedia":[{"embeddable":true,"href":"https:\/\/cipele.ba\/en\/wp-json\/wp\/v2\/media\/31218"}],"wp:attachment":[{"href":"https:\/\/cipele.ba\/en\/wp-json\/wp\/v2\/media?parent=31222"}],"wp:term":[{"taxonomy":"product_brand","embeddable":true,"href":"https:\/\/cipele.ba\/en\/wp-json\/wp\/v2\/product_brand?post=31222"},{"taxonomy":"product_cat","embeddable":true,"href":"https:\/\/cipele.ba\/en\/wp-json\/wp\/v2\/product_cat?post=31222"},{"taxonomy":"product_tag","embeddable":true,"href":"https:\/\/cipele.ba\/en\/wp-json\/wp\/v2\/product_tag?post=31222"}],"curies":[{"name":"wp","href":"https:\/\/api.w.org\/{rel}","templated":true}]}}