{"id":31271,"date":"2025-11-06T11:51:05","date_gmt":"2025-11-06T11:51:05","guid":{"rendered":"https:\/\/cipele.ba\/shop\/uncategorized\/lotto-gali\/"},"modified":"2026-04-18T19:19:57","modified_gmt":"2026-04-18T19:19:57","slug":"lotto-gali","status":"publish","type":"product","link":"https:\/\/cipele.ba\/en\/shop\/zene\/zenske-patike\/lotto-gali\/","title":{"rendered":"Lotto Gali"},"content":{"rendered":"<p><!--googleoff: all--> <\/p>\n<p> Lotto Gali \u017eenske lifestyle patike imaju logotipe sa strane, pozadi i na jeziku za moderan, brendirani izgled. Gumeni detalj pozadi dodaje jedinstven dodir, dok bijela boja sa srebrnim akcentima pru\u017ea moderan dizajn. Gornji\u0161te je napravljeno od mje\u0161avine le\u017eernog PU i najlona, te pru\u017ea izdr\u017eljivost i premijum zavr\u0161ni sloj. Sinteti\u010dka mre\u017easta postava obezbje\u0111uje prozra\u010dnost, a ulo\u017eak od memorijske pjene pru\u017ea izuzetnu udobnost i amortizaciju. Sa laganim spoljnim \u0111onom od filona, ove patike su savr\u0161ene za stil i svakodnevno no\u0161enje. <\/p>\n<\/p>\n<p> <b> Detalji <\/b> <\/p>\n<li> Sinteti\u010dka mre\u017easta postava <\/li>\n<li> Lagani spoljni \u0111on od filona <!--googleon: all--> <\/li>","protected":false},"excerpt":{"rendered":"<p>Lotto Gali \u017eenske lifestyle patike imaju logotipe sa strane, pozadi i na jeziku za moderan, brendirani izgled. Gumeni detalj pozadi dodaje jedinstven dodir, dok bijela boja sa srebrnim akcentima pru\u017ea moderan dizajn. Gornji\u0161te je napravljeno od mje\u0161avine le\u017eernog PU i najlona, te pru\u017ea izdr\u017eljivost i premijum zavr\u0161ni sloj. Sinteti\u010dka mre\u017easta postava obezbje\u0111uje prozra\u010dnost, a ulo\u017eak [&hellip;]<\/p>","protected":false},"featured_media":31268,"template":"","meta":{"jetpack_post_was_ever_published":false},"product_brand":[111],"product_cat":[63],"product_tag":[],"class_list":{"0":"post-31271","1":"product","2":"type-product","3":"status-publish","4":"has-post-thumbnail","6":"product_brand-sport_reality","7":"product_cat-zenske-patike","9":"first","10":"instock","11":"sale","12":"shipping-taxable","13":"product-type-external"},"jetpack-related-posts":[],"jetpack_sharing_enabled":true,"_links":{"self":[{"href":"https:\/\/cipele.ba\/en\/wp-json\/wp\/v2\/product\/31271","targetHints":{"allow":["GET"]}}],"collection":[{"href":"https:\/\/cipele.ba\/en\/wp-json\/wp\/v2\/product"}],"about":[{"href":"https:\/\/cipele.ba\/en\/wp-json\/wp\/v2\/types\/product"}],"wp:featuredmedia":[{"embeddable":true,"href":"https:\/\/cipele.ba\/en\/wp-json\/wp\/v2\/media\/31268"}],"wp:attachment":[{"href":"https:\/\/cipele.ba\/en\/wp-json\/wp\/v2\/media?parent=31271"}],"wp:term":[{"taxonomy":"product_brand","embeddable":true,"href":"https:\/\/cipele.ba\/en\/wp-json\/wp\/v2\/product_brand?post=31271"},{"taxonomy":"product_cat","embeddable":true,"href":"https:\/\/cipele.ba\/en\/wp-json\/wp\/v2\/product_cat?post=31271"},{"taxonomy":"product_tag","embeddable":true,"href":"https:\/\/cipele.ba\/en\/wp-json\/wp\/v2\/product_tag?post=31271"}],"curies":[{"name":"wp","href":"https:\/\/api.w.org\/{rel}","templated":true}]}}