{"id":31284,"date":"2025-11-06T11:51:13","date_gmt":"2025-11-06T11:51:13","guid":{"rendered":"https:\/\/cipele.ba\/shop\/uncategorized\/nike-wmns-nike-air-max-sc-vday\/"},"modified":"2026-04-19T11:24:50","modified_gmt":"2026-04-19T11:24:50","slug":"nike-wmns-nike-air-max-sc-vday","status":"publish","type":"product","link":"https:\/\/cipele.ba\/en\/shop\/zene\/zenske-patike\/nike-wmns-nike-air-max-sc-vday\/","title":{"rendered":"Nike WMNS NIKE AIR MAX SC VDAY"},"content":{"rendered":"<p><!--googleoff: all--> <\/p>\n<p>Uz opu\u0161tene linije i retro trka\u010dki stil, Nike Air Max SC je savr\u0161en zavr\u0161ni detalj svakog outfita. Bogata kombinacija materijala dodaje dubinu dizajnu, dok vidljiva Air jedinica pru\u017ea udobnost tokom cijelog dana \u2013 inspirisana nekim od najikoni\u010dnijih silueta iz pro\u0161losti.<br \/>Detalji: <\/p>\n<li> Slojevi prave i sinteti\u010dke ko\u017ee, tekstila i mre\u017ee \u2013 za izdr\u017eljivost i prozra\u010dnost<\/li>\n<li> Max Air jedinica prvobitno dizajnirana za tr\u010danje \u2013 pru\u017ea laganu amortizaciju pri svakom koraku<\/li>\n<li> Gumeni \u0111on sa fleksibilnim \u017eljebovima \u2013 za odli\u010dno prianjanje i prirodno kretanje <!--googleon: all--> <\/li>","protected":false},"excerpt":{"rendered":"<p>Uz opu\u0161tene linije i retro trka\u010dki stil, Nike Air Max SC je savr\u0161en zavr\u0161ni detalj svakog outfita. Bogata kombinacija materijala dodaje dubinu dizajnu, dok vidljiva Air jedinica pru\u017ea udobnost tokom cijelog dana \u2013 inspirisana nekim od najikoni\u010dnijih silueta iz pro\u0161losti.Detalji: Slojevi prave i sinteti\u010dke ko\u017ee, tekstila i mre\u017ee \u2013 za izdr\u017eljivost i prozra\u010dnost Max Air [&hellip;]<\/p>","protected":false},"featured_media":31282,"template":"","meta":{"jetpack_post_was_ever_published":false},"product_brand":[111],"product_cat":[63],"product_tag":[],"class_list":{"0":"post-31284","1":"product","2":"type-product","3":"status-publish","4":"has-post-thumbnail","6":"product_brand-sport_reality","7":"product_cat-zenske-patike","9":"first","10":"instock","11":"sale","12":"shipping-taxable","13":"product-type-external"},"jetpack-related-posts":[],"jetpack_sharing_enabled":true,"_links":{"self":[{"href":"https:\/\/cipele.ba\/en\/wp-json\/wp\/v2\/product\/31284","targetHints":{"allow":["GET"]}}],"collection":[{"href":"https:\/\/cipele.ba\/en\/wp-json\/wp\/v2\/product"}],"about":[{"href":"https:\/\/cipele.ba\/en\/wp-json\/wp\/v2\/types\/product"}],"wp:featuredmedia":[{"embeddable":true,"href":"https:\/\/cipele.ba\/en\/wp-json\/wp\/v2\/media\/31282"}],"wp:attachment":[{"href":"https:\/\/cipele.ba\/en\/wp-json\/wp\/v2\/media?parent=31284"}],"wp:term":[{"taxonomy":"product_brand","embeddable":true,"href":"https:\/\/cipele.ba\/en\/wp-json\/wp\/v2\/product_brand?post=31284"},{"taxonomy":"product_cat","embeddable":true,"href":"https:\/\/cipele.ba\/en\/wp-json\/wp\/v2\/product_cat?post=31284"},{"taxonomy":"product_tag","embeddable":true,"href":"https:\/\/cipele.ba\/en\/wp-json\/wp\/v2\/product_tag?post=31284"}],"curies":[{"name":"wp","href":"https:\/\/api.w.org\/{rel}","templated":true}]}}