{"id":31290,"date":"2025-11-06T11:51:17","date_gmt":"2025-11-06T11:51:17","guid":{"rendered":"https:\/\/cipele.ba\/shop\/uncategorized\/lotto-hela\/"},"modified":"2026-04-22T03:22:59","modified_gmt":"2026-04-22T03:22:59","slug":"lotto-hela","status":"publish","type":"product","link":"https:\/\/cipele.ba\/en\/shop\/zene\/zenske-patike\/lotto-hela\/","title":{"rendered":"Lotto Hela"},"content":{"rendered":"<p><!--googleoff: all--> <\/p>\n<p> Lotto Hela \u017eenske lifestyle patike imaju istaknuti kontrast boja sa svetlucavim panelima i detaljima, \u0161to im daje moderan, upe\u010datljiv izgled. Logotipi sa strane i na jeziku daju dodir brenda, dok je gornji\u0161te napravljeno od me\u0161avine PU i mre\u017eastih elemenata za prozra\u010dnost i izdr\u017eljivost. Sinteti\u010dka mre\u017easta postava pru\u017ea udobnost, a ulo\u017eak od memorijske pene daje amortizovanu potporu tokom celog dana. Spoljni \u0111on je napravljen od kombinacije EVA pene, TPR-a i TPU-a za ve\u0107e prianjanje i stabilnost. <\/p>\n<\/p>\n<p> <b> Detalji <\/b> <\/p>\n<li> Gornji\u0161te je napravljeno od me\u0161avine PU i mre\u017eastih elemenata <\/li>\n<li> Sinteti\u010dka mre\u017easta postava <\/li>\n<li> Ulo\u017eak od memorijske pene <\/li>\n<li> Spoljni \u0111on je napravljen od kombinacije EVA pene, TPR-a i TPU-a <!--googleon: all--> <\/li>","protected":false},"excerpt":{"rendered":"<p>Lotto Hela \u017eenske lifestyle patike imaju istaknuti kontrast boja sa svetlucavim panelima i detaljima, \u0161to im daje moderan, upe\u010datljiv izgled. Logotipi sa strane i na jeziku daju dodir brenda, dok je gornji\u0161te napravljeno od me\u0161avine PU i mre\u017eastih elemenata za prozra\u010dnost i izdr\u017eljivost. Sinteti\u010dka mre\u017easta postava pru\u017ea udobnost, a ulo\u017eak od memorijske pene daje amortizovanu [&hellip;]<\/p>","protected":false},"featured_media":31288,"template":"","meta":{"jetpack_post_was_ever_published":false},"product_brand":[111],"product_cat":[63],"product_tag":[],"class_list":{"0":"post-31290","1":"product","2":"type-product","3":"status-publish","4":"has-post-thumbnail","6":"product_brand-sport_reality","7":"product_cat-zenske-patike","9":"first","10":"instock","11":"sale","12":"shipping-taxable","13":"product-type-external"},"jetpack-related-posts":[],"jetpack_sharing_enabled":true,"_links":{"self":[{"href":"https:\/\/cipele.ba\/en\/wp-json\/wp\/v2\/product\/31290","targetHints":{"allow":["GET"]}}],"collection":[{"href":"https:\/\/cipele.ba\/en\/wp-json\/wp\/v2\/product"}],"about":[{"href":"https:\/\/cipele.ba\/en\/wp-json\/wp\/v2\/types\/product"}],"wp:featuredmedia":[{"embeddable":true,"href":"https:\/\/cipele.ba\/en\/wp-json\/wp\/v2\/media\/31288"}],"wp:attachment":[{"href":"https:\/\/cipele.ba\/en\/wp-json\/wp\/v2\/media?parent=31290"}],"wp:term":[{"taxonomy":"product_brand","embeddable":true,"href":"https:\/\/cipele.ba\/en\/wp-json\/wp\/v2\/product_brand?post=31290"},{"taxonomy":"product_cat","embeddable":true,"href":"https:\/\/cipele.ba\/en\/wp-json\/wp\/v2\/product_cat?post=31290"},{"taxonomy":"product_tag","embeddable":true,"href":"https:\/\/cipele.ba\/en\/wp-json\/wp\/v2\/product_tag?post=31290"}],"curies":[{"name":"wp","href":"https:\/\/api.w.org\/{rel}","templated":true}]}}