{"id":31291,"date":"2025-11-06T11:51:17","date_gmt":"2025-11-06T11:51:17","guid":{"rendered":"https:\/\/cipele.ba\/shop\/uncategorized\/lotto-vaal\/"},"modified":"2026-04-22T06:30:04","modified_gmt":"2026-04-22T06:30:04","slug":"lotto-vaal","status":"publish","type":"product","link":"https:\/\/cipele.ba\/en\/shop\/zene\/zenske-patike\/lotto-vaal\/","title":{"rendered":"Lotto Vaal"},"content":{"rendered":"<p><!--googleoff: all--> <\/p>\n<p> Lotto Vaal \u017eenske lifestyle patike spajaju stil i udobnost sa logotipima sa strane i na jeziku za dodir brenda. Svjetlucavi paneli i detalji daju elegantan, upe\u010datljiv akcenat. Gornji\u0161te je napravljeno od kombinacije najlona, le\u017eernog PU i ve\u0161ta\u010dke antilop ko\u017ee, te pru\u017ea izdr\u017eljivost i moderan dizajn. Sinteti\u010dka mre\u017easta postava pove\u0107ava prozra\u010dnost, a ulo\u017eak od memorijske pjene pru\u017ea amortizaciju i potporu tokom cijelog dana. Sa gornji\u0161tem od mje\u0161avine vje\u0161ta\u010dkog antilopa, najlona i PU i laganim spoljnim \u0111onom od EVA pjene i TPR-a, ove patike su dizajnirane za svakodnevnu prilagodljivost i moderan izgled. <\/p>\n<\/p>\n<p> <b> Detalji <\/b> <\/p>\n<li> Gornji\u0161te je napravljeno od kombinacije najlona, le\u017eernog PU i vje\u0161ta\u010dke antilop ko\u017ee <!--googleon: all--> <\/li>","protected":false},"excerpt":{"rendered":"<p>Lotto Vaal \u017eenske lifestyle patike spajaju stil i udobnost sa logotipima sa strane i na jeziku za dodir brenda. Svjetlucavi paneli i detalji daju elegantan, upe\u010datljiv akcenat. Gornji\u0161te je napravljeno od kombinacije najlona, le\u017eernog PU i ve\u0161ta\u010dke antilop ko\u017ee, te pru\u017ea izdr\u017eljivost i moderan dizajn. Sinteti\u010dka mre\u017easta postava pove\u0107ava prozra\u010dnost, a ulo\u017eak od memorijske pjene [&hellip;]<\/p>","protected":false},"featured_media":31287,"template":"","meta":{"jetpack_post_was_ever_published":false},"product_brand":[111],"product_cat":[63],"product_tag":[],"class_list":{"0":"post-31291","1":"product","2":"type-product","3":"status-publish","4":"has-post-thumbnail","6":"product_brand-sport_reality","7":"product_cat-zenske-patike","9":"first","10":"instock","11":"sale","12":"shipping-taxable","13":"product-type-external"},"jetpack-related-posts":[],"jetpack_sharing_enabled":true,"_links":{"self":[{"href":"https:\/\/cipele.ba\/en\/wp-json\/wp\/v2\/product\/31291","targetHints":{"allow":["GET"]}}],"collection":[{"href":"https:\/\/cipele.ba\/en\/wp-json\/wp\/v2\/product"}],"about":[{"href":"https:\/\/cipele.ba\/en\/wp-json\/wp\/v2\/types\/product"}],"wp:featuredmedia":[{"embeddable":true,"href":"https:\/\/cipele.ba\/en\/wp-json\/wp\/v2\/media\/31287"}],"wp:attachment":[{"href":"https:\/\/cipele.ba\/en\/wp-json\/wp\/v2\/media?parent=31291"}],"wp:term":[{"taxonomy":"product_brand","embeddable":true,"href":"https:\/\/cipele.ba\/en\/wp-json\/wp\/v2\/product_brand?post=31291"},{"taxonomy":"product_cat","embeddable":true,"href":"https:\/\/cipele.ba\/en\/wp-json\/wp\/v2\/product_cat?post=31291"},{"taxonomy":"product_tag","embeddable":true,"href":"https:\/\/cipele.ba\/en\/wp-json\/wp\/v2\/product_tag?post=31291"}],"curies":[{"name":"wp","href":"https:\/\/api.w.org\/{rel}","templated":true}]}}