{"id":31296,"date":"2025-11-06T11:51:21","date_gmt":"2025-11-06T11:51:21","guid":{"rendered":"https:\/\/cipele.ba\/shop\/uncategorized\/lotto-hela-2\/"},"modified":"2026-04-18T18:57:11","modified_gmt":"2026-04-18T18:57:11","slug":"lotto-hela-2","status":"publish","type":"product","link":"https:\/\/cipele.ba\/en\/shop\/zene\/zenske-patike\/lotto-hela-2\/","title":{"rendered":"Lotto Hela"},"content":{"rendered":"<p><!--googleoff: all--> <\/p>\n<p> Lotto Hela \u017eenske lifestyle patike imaju istaknuti kontrast boja sa svjetlucavim panelima i detaljima, \u0161to im daje moderan, upe\u010datljiv izgled. Logotipi sa strane i na jeziku daju dodir brenda, dok je gornji\u0161te napravljeno od mje\u0161avine PU i mre\u017eastih elemenata za prozra\u010dnost i izdr\u017eljivost. Sinteti\u010dka mre\u017easta postava pru\u017ea udobnost, a ulo\u017eak od memorijske pjene daje amortizovanu potporu tokom cijelog dana. Spoljni \u0111on je napravljen od kombinacije EVA pjene, TPR-a i TPU-a za ve\u0107e prianjanje i stabilnost. <\/p>\n<\/p>\n<p> <b> Detalji <\/b> <\/p>\n<li> Gornji\u0161te je napravljeno od mje\u0161avine PU i mre\u017eastih elemenata <\/li>\n<li> Sinteti\u010dka mre\u017easta postava <\/li>\n<li> Ulo\u017eak od memorijske pjene <\/li>\n<li> Spoljni \u0111on je napravljen od kombinacije EVA pjene, TPR-a i TPU-a <!--googleon: all--> <\/li>","protected":false},"excerpt":{"rendered":"<p>Lotto Hela \u017eenske lifestyle patike imaju istaknuti kontrast boja sa svjetlucavim panelima i detaljima, \u0161to im daje moderan, upe\u010datljiv izgled. Logotipi sa strane i na jeziku daju dodir brenda, dok je gornji\u0161te napravljeno od mje\u0161avine PU i mre\u017eastih elemenata za prozra\u010dnost i izdr\u017eljivost. Sinteti\u010dka mre\u017easta postava pru\u017ea udobnost, a ulo\u017eak od memorijske pjene daje amortizovanu [&hellip;]<\/p>","protected":false},"featured_media":31293,"template":"","meta":{"jetpack_post_was_ever_published":false},"product_brand":[111],"product_cat":[63],"product_tag":[],"class_list":{"0":"post-31296","1":"product","2":"type-product","3":"status-publish","4":"has-post-thumbnail","6":"product_brand-sport_reality","7":"product_cat-zenske-patike","9":"first","10":"instock","11":"sale","12":"shipping-taxable","13":"product-type-external"},"jetpack-related-posts":[],"jetpack_sharing_enabled":true,"_links":{"self":[{"href":"https:\/\/cipele.ba\/en\/wp-json\/wp\/v2\/product\/31296","targetHints":{"allow":["GET"]}}],"collection":[{"href":"https:\/\/cipele.ba\/en\/wp-json\/wp\/v2\/product"}],"about":[{"href":"https:\/\/cipele.ba\/en\/wp-json\/wp\/v2\/types\/product"}],"wp:featuredmedia":[{"embeddable":true,"href":"https:\/\/cipele.ba\/en\/wp-json\/wp\/v2\/media\/31293"}],"wp:attachment":[{"href":"https:\/\/cipele.ba\/en\/wp-json\/wp\/v2\/media?parent=31296"}],"wp:term":[{"taxonomy":"product_brand","embeddable":true,"href":"https:\/\/cipele.ba\/en\/wp-json\/wp\/v2\/product_brand?post=31296"},{"taxonomy":"product_cat","embeddable":true,"href":"https:\/\/cipele.ba\/en\/wp-json\/wp\/v2\/product_cat?post=31296"},{"taxonomy":"product_tag","embeddable":true,"href":"https:\/\/cipele.ba\/en\/wp-json\/wp\/v2\/product_tag?post=31296"}],"curies":[{"name":"wp","href":"https:\/\/api.w.org\/{rel}","templated":true}]}}