{"id":31301,"date":"2025-11-06T11:51:25","date_gmt":"2025-11-06T11:51:25","guid":{"rendered":"https:\/\/cipele.ba\/shop\/uncategorized\/adidas-run-70s-2-0-8\/"},"modified":"2026-04-21T16:31:57","modified_gmt":"2026-04-21T16:31:57","slug":"adidas-run-70s-2-0-8","status":"publish","type":"product","link":"https:\/\/cipele.ba\/en\/shop\/zene\/zenske-patike\/adidas-run-70s-2-0-8\/","title":{"rendered":"adidas Run 70s 2.0"},"content":{"rendered":"<p><!--googleoff: all--> <\/p>\n<p> Ove adidas Run 70s 2.0 \u017eenske lifestyle patike va\u0161em svakodnevnom izgledu donose stil 70-ih. <\/p>\n<\/p>\n<p> <b> Detalji <\/b> <\/p>\n<li> Uobi\u010dajeni kroj <\/li>\n<li> Pertlanje <\/li>\n<li> Ko\u017eno gornji\u0161te <\/li>\n<li> Tekstilna postava <\/li>\n<li> Cloudfoam srednji \u0111on <\/li>\n<li> Gumeni spoljni \u0111on <!--googleon: all--> <\/li>","protected":false},"excerpt":{"rendered":"<p>Ove adidas Run 70s 2.0 \u017eenske lifestyle patike va\u0161em svakodnevnom izgledu donose stil 70-ih. Detalji Uobi\u010dajeni kroj Pertlanje Ko\u017eno gornji\u0161te Tekstilna postava Cloudfoam srednji \u0111on Gumeni spoljni \u0111on<\/p>","protected":false},"featured_media":31298,"template":"","meta":{"jetpack_post_was_ever_published":false},"product_brand":[111],"product_cat":[63],"product_tag":[],"class_list":{"0":"post-31301","1":"product","2":"type-product","3":"status-publish","4":"has-post-thumbnail","6":"product_brand-sport_reality","7":"product_cat-zenske-patike","9":"first","10":"instock","11":"sale","12":"shipping-taxable","13":"product-type-external"},"jetpack-related-posts":[],"jetpack_sharing_enabled":true,"_links":{"self":[{"href":"https:\/\/cipele.ba\/en\/wp-json\/wp\/v2\/product\/31301","targetHints":{"allow":["GET"]}}],"collection":[{"href":"https:\/\/cipele.ba\/en\/wp-json\/wp\/v2\/product"}],"about":[{"href":"https:\/\/cipele.ba\/en\/wp-json\/wp\/v2\/types\/product"}],"wp:featuredmedia":[{"embeddable":true,"href":"https:\/\/cipele.ba\/en\/wp-json\/wp\/v2\/media\/31298"}],"wp:attachment":[{"href":"https:\/\/cipele.ba\/en\/wp-json\/wp\/v2\/media?parent=31301"}],"wp:term":[{"taxonomy":"product_brand","embeddable":true,"href":"https:\/\/cipele.ba\/en\/wp-json\/wp\/v2\/product_brand?post=31301"},{"taxonomy":"product_cat","embeddable":true,"href":"https:\/\/cipele.ba\/en\/wp-json\/wp\/v2\/product_cat?post=31301"},{"taxonomy":"product_tag","embeddable":true,"href":"https:\/\/cipele.ba\/en\/wp-json\/wp\/v2\/product_tag?post=31301"}],"curies":[{"name":"wp","href":"https:\/\/api.w.org\/{rel}","templated":true}]}}