{"id":31303,"date":"2025-11-06T11:51:26","date_gmt":"2025-11-06T11:51:26","guid":{"rendered":"https:\/\/cipele.ba\/shop\/uncategorized\/nike-initiator-3\/"},"modified":"2026-04-18T15:00:00","modified_gmt":"2026-04-18T15:00:00","slug":"nike-initiator-3","status":"publish","type":"product","link":"https:\/\/cipele.ba\/en\/shop\/zene\/zenske-patike\/nike-initiator-3\/","title":{"rendered":"Nike Initiator"},"content":{"rendered":"<p><!--googleoff: all--> <\/p>\n<p> Nike Initiator \u017eenske patike donose stil i udobnost obu\u0107e za tr\u010danje. <\/p>\n<\/p>\n<p> <b> Detalji <\/b> <\/p>\n<li> Kombinacija prozra\u010dnog gornji\u0161ta i meke amortizacije vam omogu\u0107ava no\u0161enje tokom cijelog dana bez zamaranja <\/li>\n<li> Potporni preklopi centriraju va\u0161e stopalo u patici, dok meka postava pove\u0107ava udobnost <\/li>\n<li> Pjenasti srednji \u0111on pru\u017ea meko i amortizovano kretanje, dok vam fleksibilni \u017eljebovi u spoljnom \u0111onu poma\u017eu da se slobodno kre\u0107ete <!--googleon: all--> <\/li>","protected":false},"excerpt":{"rendered":"<p>Nike Initiator \u017eenske patike donose stil i udobnost obu\u0107e za tr\u010danje. Detalji Kombinacija prozra\u010dnog gornji\u0161ta i meke amortizacije vam omogu\u0107ava no\u0161enje tokom cijelog dana bez zamaranja Potporni preklopi centriraju va\u0161e stopalo u patici, dok meka postava pove\u0107ava udobnost Pjenasti srednji \u0111on pru\u017ea meko i amortizovano kretanje, dok vam fleksibilni \u017eljebovi u spoljnom \u0111onu poma\u017eu da [&hellip;]<\/p>","protected":false},"featured_media":31300,"template":"","meta":{"jetpack_post_was_ever_published":false},"product_brand":[111],"product_cat":[63],"product_tag":[],"class_list":{"0":"post-31303","1":"product","2":"type-product","3":"status-publish","4":"has-post-thumbnail","6":"product_brand-sport_reality","7":"product_cat-zenske-patike","9":"first","10":"instock","11":"shipping-taxable","12":"product-type-external"},"jetpack-related-posts":[],"jetpack_sharing_enabled":true,"_links":{"self":[{"href":"https:\/\/cipele.ba\/en\/wp-json\/wp\/v2\/product\/31303","targetHints":{"allow":["GET"]}}],"collection":[{"href":"https:\/\/cipele.ba\/en\/wp-json\/wp\/v2\/product"}],"about":[{"href":"https:\/\/cipele.ba\/en\/wp-json\/wp\/v2\/types\/product"}],"wp:featuredmedia":[{"embeddable":true,"href":"https:\/\/cipele.ba\/en\/wp-json\/wp\/v2\/media\/31300"}],"wp:attachment":[{"href":"https:\/\/cipele.ba\/en\/wp-json\/wp\/v2\/media?parent=31303"}],"wp:term":[{"taxonomy":"product_brand","embeddable":true,"href":"https:\/\/cipele.ba\/en\/wp-json\/wp\/v2\/product_brand?post=31303"},{"taxonomy":"product_cat","embeddable":true,"href":"https:\/\/cipele.ba\/en\/wp-json\/wp\/v2\/product_cat?post=31303"},{"taxonomy":"product_tag","embeddable":true,"href":"https:\/\/cipele.ba\/en\/wp-json\/wp\/v2\/product_tag?post=31303"}],"curies":[{"name":"wp","href":"https:\/\/api.w.org\/{rel}","templated":true}]}}