{"id":31307,"date":"2025-11-06T11:51:29","date_gmt":"2025-11-06T11:51:29","guid":{"rendered":"https:\/\/cipele.ba\/shop\/uncategorized\/adidas-vl-court-4\/"},"modified":"2026-04-18T14:33:20","modified_gmt":"2026-04-18T14:33:20","slug":"adidas-vl-court-4","status":"publish","type":"product","link":"https:\/\/cipele.ba\/en\/shop\/zene\/zenske-patike\/adidas-vl-court-4\/","title":{"rendered":"adidas VL Court"},"content":{"rendered":"<p><!--googleoff: all--> <\/p>\n<p> adidas VL Court \u017eenske patike su fokusirane na balans. <\/p>\n<\/p>\n<p> <b> Detalji <\/b> <\/p>\n<li> Dizajn niskog profila na visokoj platformi koja podi\u017ee cijeli izgled <\/li>\n<li> Ko\u017eno gornji\u0161te, tekstilna postava i izdr\u017eljivi gumeni spoljni \u0111on zajedno donose neprestanu udobnost za va\u0161e dnevne pokrete <\/li>\n<li> Pertlanje <!--googleon: all--> <\/li>","protected":false},"excerpt":{"rendered":"<p>adidas VL Court \u017eenske patike su fokusirane na balans. Detalji Dizajn niskog profila na visokoj platformi koja podi\u017ee cijeli izgled Ko\u017eno gornji\u0161te, tekstilna postava i izdr\u017eljivi gumeni spoljni \u0111on zajedno donose neprestanu udobnost za va\u0161e dnevne pokrete Pertlanje<\/p>","protected":false},"featured_media":31304,"template":"","meta":{"jetpack_post_was_ever_published":false},"product_brand":[111],"product_cat":[63],"product_tag":[],"class_list":{"0":"post-31307","1":"product","2":"type-product","3":"status-publish","4":"has-post-thumbnail","6":"product_brand-sport_reality","7":"product_cat-zenske-patike","9":"first","10":"instock","11":"sale","12":"shipping-taxable","13":"product-type-external"},"jetpack-related-posts":[],"jetpack_sharing_enabled":true,"_links":{"self":[{"href":"https:\/\/cipele.ba\/en\/wp-json\/wp\/v2\/product\/31307","targetHints":{"allow":["GET"]}}],"collection":[{"href":"https:\/\/cipele.ba\/en\/wp-json\/wp\/v2\/product"}],"about":[{"href":"https:\/\/cipele.ba\/en\/wp-json\/wp\/v2\/types\/product"}],"wp:featuredmedia":[{"embeddable":true,"href":"https:\/\/cipele.ba\/en\/wp-json\/wp\/v2\/media\/31304"}],"wp:attachment":[{"href":"https:\/\/cipele.ba\/en\/wp-json\/wp\/v2\/media?parent=31307"}],"wp:term":[{"taxonomy":"product_brand","embeddable":true,"href":"https:\/\/cipele.ba\/en\/wp-json\/wp\/v2\/product_brand?post=31307"},{"taxonomy":"product_cat","embeddable":true,"href":"https:\/\/cipele.ba\/en\/wp-json\/wp\/v2\/product_cat?post=31307"},{"taxonomy":"product_tag","embeddable":true,"href":"https:\/\/cipele.ba\/en\/wp-json\/wp\/v2\/product_tag?post=31307"}],"curies":[{"name":"wp","href":"https:\/\/api.w.org\/{rel}","templated":true}]}}