{"id":31308,"date":"2025-11-06T11:51:29","date_gmt":"2025-11-06T11:51:29","guid":{"rendered":"https:\/\/cipele.ba\/shop\/uncategorized\/nike-w-nike-court-vision-nn-gfx\/"},"modified":"2026-04-18T19:58:20","modified_gmt":"2026-04-18T19:58:20","slug":"nike-w-nike-court-vision-nn-gfx","status":"publish","type":"product","link":"https:\/\/cipele.ba\/en\/shop\/zene\/zenske-patike\/nike-w-nike-court-vision-nn-gfx\/","title":{"rendered":"Nike W NIKE COURT VISION NN GFX"},"content":{"rendered":"<p><!--googleoff: all--> <\/p>\n<p>Ako voli\u0161 old-school stil ko\u0161arke iz &#8216;80-ih, onda je Court Vision pravi izbor za tebe. Kombinuje sinteti\u010dku ko\u017eu i Swoosh logotip sa animal printom, uz gumeni cupsole \u0111on, pru\u017eaju\u0107i cjelodnevnu udobnost inspirisanu najikoni\u010dnijim siluetama iz pro\u0161losti.<br \/>Detalji:<\/p>\n<li> Gornji\u0161te od sinteti\u010dke ko\u017ee koje s vremenom postaje mek\u0161e i dobija retro karakter<\/li>\n<li> Perforacije na prednjem dijelu i sa strane za bolju prozra\u010dnost<\/li>\n<li> Gumeni cupsole \u0111on za izdr\u017eljivost i dobro prianjanje <!--googleon: all--> <\/li>","protected":false},"excerpt":{"rendered":"<p>Ako voli\u0161 old-school stil ko\u0161arke iz &#8216;80-ih, onda je Court Vision pravi izbor za tebe. Kombinuje sinteti\u010dku ko\u017eu i Swoosh logotip sa animal printom, uz gumeni cupsole \u0111on, pru\u017eaju\u0107i cjelodnevnu udobnost inspirisanu najikoni\u010dnijim siluetama iz pro\u0161losti.Detalji: Gornji\u0161te od sinteti\u010dke ko\u017ee koje s vremenom postaje mek\u0161e i dobija retro karakter Perforacije na prednjem dijelu i sa [&hellip;]<\/p>","protected":false},"featured_media":31305,"template":"","meta":{"jetpack_post_was_ever_published":false},"product_brand":[111],"product_cat":[63],"product_tag":[],"class_list":{"0":"post-31308","1":"product","2":"type-product","3":"status-publish","4":"has-post-thumbnail","6":"product_brand-sport_reality","7":"product_cat-zenske-patike","9":"first","10":"instock","11":"shipping-taxable","12":"product-type-external"},"jetpack-related-posts":[],"jetpack_sharing_enabled":true,"_links":{"self":[{"href":"https:\/\/cipele.ba\/en\/wp-json\/wp\/v2\/product\/31308","targetHints":{"allow":["GET"]}}],"collection":[{"href":"https:\/\/cipele.ba\/en\/wp-json\/wp\/v2\/product"}],"about":[{"href":"https:\/\/cipele.ba\/en\/wp-json\/wp\/v2\/types\/product"}],"wp:featuredmedia":[{"embeddable":true,"href":"https:\/\/cipele.ba\/en\/wp-json\/wp\/v2\/media\/31305"}],"wp:attachment":[{"href":"https:\/\/cipele.ba\/en\/wp-json\/wp\/v2\/media?parent=31308"}],"wp:term":[{"taxonomy":"product_brand","embeddable":true,"href":"https:\/\/cipele.ba\/en\/wp-json\/wp\/v2\/product_brand?post=31308"},{"taxonomy":"product_cat","embeddable":true,"href":"https:\/\/cipele.ba\/en\/wp-json\/wp\/v2\/product_cat?post=31308"},{"taxonomy":"product_tag","embeddable":true,"href":"https:\/\/cipele.ba\/en\/wp-json\/wp\/v2\/product_tag?post=31308"}],"curies":[{"name":"wp","href":"https:\/\/api.w.org\/{rel}","templated":true}]}}