{"id":31309,"date":"2025-11-06T11:51:30","date_gmt":"2025-11-06T11:51:30","guid":{"rendered":"https:\/\/cipele.ba\/shop\/uncategorized\/asics-lyte-classic-3\/"},"modified":"2026-04-15T01:23:31","modified_gmt":"2026-04-15T01:23:31","slug":"asics-lyte-classic-3","status":"publish","type":"product","link":"https:\/\/cipele.ba\/en\/shop\/zene\/zenske-patike\/asics-lyte-classic-3\/","title":{"rendered":"Asics LYTE CLASSIC"},"content":{"rendered":"<p><!--googleoff: all--> <\/p>\n<p> Nadovezuju\u0107i se na estetiku GEL-LYTE\u2122 III patika, ove Asics LYTE CLASSIC \u017eenske patike napravljene su sa detaljima koji odaju po\u010dast Asic arhivi. <\/p>\n<p> Zajedno sa retro brendiranjem na jeziku i peti, ove patike izra\u0111ene su od antilopa i mre\u017eastih materijala koji implementiraju perforirane dijelove u zoni prstiju. Zajedno sa EVA\u2122 u me\u0111u\u0111onu, ove patike su napravljene da promovi\u0161u udobnost i podr\u0161ku u svakom trenutku. Pozivaju\u0107i se na prepoznatljive detalje iz Asics naslije\u0111a, ove LYTE CLASSIC mu\u0161ke patike se pojavljuju kao nova silueta sa urbanom privla\u010dno\u0161\u0107u. <\/p>\n<p> Specifikacija: <\/p>\n<li> \u017denske patike <\/li>\n<li> Plitak profil <\/li>\n<li> Pertlanje <\/li>\n<li> EVA \u0111on <!--googleon: all--> <\/li>","protected":false},"excerpt":{"rendered":"<p>Nadovezuju\u0107i se na estetiku GEL-LYTE\u2122 III patika, ove Asics LYTE CLASSIC \u017eenske patike napravljene su sa detaljima koji odaju po\u010dast Asic arhivi. Zajedno sa retro brendiranjem na jeziku i peti, ove patike izra\u0111ene su od antilopa i mre\u017eastih materijala koji implementiraju perforirane dijelove u zoni prstiju. Zajedno sa EVA\u2122 u me\u0111u\u0111onu, ove patike su napravljene [&hellip;]<\/p>","protected":false},"featured_media":31306,"template":"","meta":{"jetpack_post_was_ever_published":false},"product_brand":[111],"product_cat":[63],"product_tag":[],"class_list":{"0":"post-31309","1":"product","2":"type-product","3":"status-publish","4":"has-post-thumbnail","6":"product_brand-sport_reality","7":"product_cat-zenske-patike","9":"first","10":"instock","11":"sale","12":"shipping-taxable","13":"product-type-external"},"jetpack-related-posts":[],"jetpack_sharing_enabled":true,"_links":{"self":[{"href":"https:\/\/cipele.ba\/en\/wp-json\/wp\/v2\/product\/31309","targetHints":{"allow":["GET"]}}],"collection":[{"href":"https:\/\/cipele.ba\/en\/wp-json\/wp\/v2\/product"}],"about":[{"href":"https:\/\/cipele.ba\/en\/wp-json\/wp\/v2\/types\/product"}],"wp:featuredmedia":[{"embeddable":true,"href":"https:\/\/cipele.ba\/en\/wp-json\/wp\/v2\/media\/31306"}],"wp:attachment":[{"href":"https:\/\/cipele.ba\/en\/wp-json\/wp\/v2\/media?parent=31309"}],"wp:term":[{"taxonomy":"product_brand","embeddable":true,"href":"https:\/\/cipele.ba\/en\/wp-json\/wp\/v2\/product_brand?post=31309"},{"taxonomy":"product_cat","embeddable":true,"href":"https:\/\/cipele.ba\/en\/wp-json\/wp\/v2\/product_cat?post=31309"},{"taxonomy":"product_tag","embeddable":true,"href":"https:\/\/cipele.ba\/en\/wp-json\/wp\/v2\/product_tag?post=31309"}],"curies":[{"name":"wp","href":"https:\/\/api.w.org\/{rel}","templated":true}]}}