{"id":31314,"date":"2025-11-06T11:51:34","date_gmt":"2025-11-06T11:51:34","guid":{"rendered":"https:\/\/cipele.ba\/shop\/uncategorized\/nike-promina-2\/"},"modified":"2026-04-21T18:48:01","modified_gmt":"2026-04-21T18:48:01","slug":"nike-promina-2","status":"publish","type":"product","link":"https:\/\/cipele.ba\/en\/shop\/zene\/zenske-patike\/nike-promina-2\/","title":{"rendered":"Nike Promina"},"content":{"rendered":"<p><!--googleoff: all--> <\/p>\n<p> Nike Promina \u017eenske patike za trening svaki korak \u010dine mekanim. <\/p>\n<\/p>\n<p> <b> Detalji <\/b> <\/p>\n<li> Visoki slojevi pjene i zakrivljena geometrija spoljnog \u0111ona sa \u017eljebovima pru\u017eaju izuzetnu amortizaciju za udobnost tokom cijelog dana <\/li>\n<li> Rub od meke pjene za dodatnu udobnost <\/li>\n<li> Pro\u0161ireni prsti, ris i vrh obezbje\u0111uju bolje prianjanje <\/li>\n<li> Izdr\u017eljiv spoljni \u0111on pru\u017ea odli\u010dnu trakciju <!--googleon: all--> <\/li>","protected":false},"excerpt":{"rendered":"<p>Nike Promina \u017eenske patike za trening svaki korak \u010dine mekanim. Detalji Visoki slojevi pjene i zakrivljena geometrija spoljnog \u0111ona sa \u017eljebovima pru\u017eaju izuzetnu amortizaciju za udobnost tokom cijelog dana Rub od meke pjene za dodatnu udobnost Pro\u0161ireni prsti, ris i vrh obezbje\u0111uju bolje prianjanje Izdr\u017eljiv spoljni \u0111on pru\u017ea odli\u010dnu trakciju<\/p>","protected":false},"featured_media":31311,"template":"","meta":{"jetpack_post_was_ever_published":false},"product_brand":[111],"product_cat":[63],"product_tag":[],"class_list":{"0":"post-31314","1":"product","2":"type-product","3":"status-publish","4":"has-post-thumbnail","6":"product_brand-sport_reality","7":"product_cat-zenske-patike","9":"first","10":"instock","11":"sale","12":"shipping-taxable","13":"product-type-external"},"jetpack-related-posts":[],"jetpack_sharing_enabled":true,"_links":{"self":[{"href":"https:\/\/cipele.ba\/en\/wp-json\/wp\/v2\/product\/31314","targetHints":{"allow":["GET"]}}],"collection":[{"href":"https:\/\/cipele.ba\/en\/wp-json\/wp\/v2\/product"}],"about":[{"href":"https:\/\/cipele.ba\/en\/wp-json\/wp\/v2\/types\/product"}],"wp:featuredmedia":[{"embeddable":true,"href":"https:\/\/cipele.ba\/en\/wp-json\/wp\/v2\/media\/31311"}],"wp:attachment":[{"href":"https:\/\/cipele.ba\/en\/wp-json\/wp\/v2\/media?parent=31314"}],"wp:term":[{"taxonomy":"product_brand","embeddable":true,"href":"https:\/\/cipele.ba\/en\/wp-json\/wp\/v2\/product_brand?post=31314"},{"taxonomy":"product_cat","embeddable":true,"href":"https:\/\/cipele.ba\/en\/wp-json\/wp\/v2\/product_cat?post=31314"},{"taxonomy":"product_tag","embeddable":true,"href":"https:\/\/cipele.ba\/en\/wp-json\/wp\/v2\/product_tag?post=31314"}],"curies":[{"name":"wp","href":"https:\/\/api.w.org\/{rel}","templated":true}]}}