{"id":31315,"date":"2025-11-06T11:51:35","date_gmt":"2025-11-06T11:51:35","guid":{"rendered":"https:\/\/cipele.ba\/shop\/uncategorized\/puma-puma-carina-street\/"},"modified":"2026-04-21T22:08:07","modified_gmt":"2026-04-21T22:08:07","slug":"puma-puma-carina-street","status":"publish","type":"product","link":"https:\/\/cipele.ba\/en\/shop\/zene\/zenske-patike\/puma-puma-carina-street\/","title":{"rendered":"Puma Puma Carina Street"},"content":{"rendered":"<p><!--googleoff: all--> <\/p>\n<p> Puma Carina Street su \u017eenske lifestyle patike koje donose neponovljiv izgled uz neprikosnoveni komfor. <\/p>\n<p> Dizajn ovih patika inspirisan je uli\u010dnom odje\u0107om i blago povi\u0161ena platforma \u010dini ove patike savr\u0161enim za svakodnevnu odje\u0107u. Zbog svog klasi\u010dnog izgleda, ove \u017eenske patike se lako kombinuju sa drugim dijelovima garderobe. SOFTFOAM+: Udobna podloga za \u010darape dizajnirana da obezbjedi meko amortizovanje zahvaljuju\u0107i izuzetno debeloj peti. Gornji dio ovih patika napravljen od najmanje 20% recikliranih materijala kao korak ka boljoj budu\u0107nosti. <\/p>\n<p> Specifikacija: <\/p>\n<li> \u017denske patike -Lifestyle <\/li>\n<li> Gumeni \u0111on <\/li>\n<li> Pertlanje <\/li>\n<li> PUMA Formstrip <\/li>\n<li> PUMA \u017eig na peti <!--googleon: all--> <\/li>","protected":false},"excerpt":{"rendered":"<p>Puma Carina Street su \u017eenske lifestyle patike koje donose neponovljiv izgled uz neprikosnoveni komfor. Dizajn ovih patika inspirisan je uli\u010dnom odje\u0107om i blago povi\u0161ena platforma \u010dini ove patike savr\u0161enim za svakodnevnu odje\u0107u. Zbog svog klasi\u010dnog izgleda, ove \u017eenske patike se lako kombinuju sa drugim dijelovima garderobe. SOFTFOAM+: Udobna podloga za \u010darape dizajnirana da obezbjedi meko [&hellip;]<\/p>","protected":false},"featured_media":31312,"template":"","meta":{"jetpack_post_was_ever_published":false},"product_brand":[111],"product_cat":[63],"product_tag":[],"class_list":{"0":"post-31315","1":"product","2":"type-product","3":"status-publish","4":"has-post-thumbnail","6":"product_brand-sport_reality","7":"product_cat-zenske-patike","9":"first","10":"instock","11":"shipping-taxable","12":"product-type-external"},"jetpack-related-posts":[],"jetpack_sharing_enabled":true,"_links":{"self":[{"href":"https:\/\/cipele.ba\/en\/wp-json\/wp\/v2\/product\/31315","targetHints":{"allow":["GET"]}}],"collection":[{"href":"https:\/\/cipele.ba\/en\/wp-json\/wp\/v2\/product"}],"about":[{"href":"https:\/\/cipele.ba\/en\/wp-json\/wp\/v2\/types\/product"}],"wp:featuredmedia":[{"embeddable":true,"href":"https:\/\/cipele.ba\/en\/wp-json\/wp\/v2\/media\/31312"}],"wp:attachment":[{"href":"https:\/\/cipele.ba\/en\/wp-json\/wp\/v2\/media?parent=31315"}],"wp:term":[{"taxonomy":"product_brand","embeddable":true,"href":"https:\/\/cipele.ba\/en\/wp-json\/wp\/v2\/product_brand?post=31315"},{"taxonomy":"product_cat","embeddable":true,"href":"https:\/\/cipele.ba\/en\/wp-json\/wp\/v2\/product_cat?post=31315"},{"taxonomy":"product_tag","embeddable":true,"href":"https:\/\/cipele.ba\/en\/wp-json\/wp\/v2\/product_tag?post=31315"}],"curies":[{"name":"wp","href":"https:\/\/api.w.org\/{rel}","templated":true}]}}