{"id":31320,"date":"2025-11-06T11:51:39","date_gmt":"2025-11-06T11:51:39","guid":{"rendered":"https:\/\/cipele.ba\/shop\/uncategorized\/kronos-andja\/"},"modified":"2026-04-21T17:09:42","modified_gmt":"2026-04-21T17:09:42","slug":"kronos-andja","status":"publish","type":"product","link":"https:\/\/cipele.ba\/en\/shop\/zene\/zenske-patike\/kronos-andja\/","title":{"rendered":"Kronos Andja"},"content":{"rendered":"<p><!--googleoff: all--> <\/p>\n<p> U\u017eivajte u udobnosti tokom cijelog dana uz ove Kronos Andja \u017eenske lifestyle patike. <\/p>\n<\/p>\n<p> <b> Detalji <\/b> <\/p>\n<li> Gornji\u0161te od vje\u0161ta\u010dkog antilopa i sintetike <\/li>\n<li> Klasi\u010dne pertle <\/li>\n<li> Mre\u017easta postava <\/li>\n<li> Gumeni spoljni \u0111on <\/li>\n<li> Kronos logotip <!--googleon: all--> <\/li>","protected":false},"excerpt":{"rendered":"<p>U\u017eivajte u udobnosti tokom cijelog dana uz ove Kronos Andja \u017eenske lifestyle patike. Detalji Gornji\u0161te od vje\u0161ta\u010dkog antilopa i sintetike Klasi\u010dne pertle Mre\u017easta postava Gumeni spoljni \u0111on Kronos logotip<\/p>","protected":false},"featured_media":31318,"template":"","meta":{"jetpack_post_was_ever_published":false},"product_brand":[111],"product_cat":[63],"product_tag":[],"class_list":{"0":"post-31320","1":"product","2":"type-product","3":"status-publish","4":"has-post-thumbnail","6":"product_brand-sport_reality","7":"product_cat-zenske-patike","9":"first","10":"instock","11":"shipping-taxable","12":"product-type-external"},"jetpack-related-posts":[],"jetpack_sharing_enabled":true,"_links":{"self":[{"href":"https:\/\/cipele.ba\/en\/wp-json\/wp\/v2\/product\/31320","targetHints":{"allow":["GET"]}}],"collection":[{"href":"https:\/\/cipele.ba\/en\/wp-json\/wp\/v2\/product"}],"about":[{"href":"https:\/\/cipele.ba\/en\/wp-json\/wp\/v2\/types\/product"}],"wp:featuredmedia":[{"embeddable":true,"href":"https:\/\/cipele.ba\/en\/wp-json\/wp\/v2\/media\/31318"}],"wp:attachment":[{"href":"https:\/\/cipele.ba\/en\/wp-json\/wp\/v2\/media?parent=31320"}],"wp:term":[{"taxonomy":"product_brand","embeddable":true,"href":"https:\/\/cipele.ba\/en\/wp-json\/wp\/v2\/product_brand?post=31320"},{"taxonomy":"product_cat","embeddable":true,"href":"https:\/\/cipele.ba\/en\/wp-json\/wp\/v2\/product_cat?post=31320"},{"taxonomy":"product_tag","embeddable":true,"href":"https:\/\/cipele.ba\/en\/wp-json\/wp\/v2\/product_tag?post=31320"}],"curies":[{"name":"wp","href":"https:\/\/api.w.org\/{rel}","templated":true}]}}