{"id":31327,"date":"2025-11-06T11:51:44","date_gmt":"2025-11-06T11:51:44","guid":{"rendered":"https:\/\/cipele.ba\/shop\/uncategorized\/kronos-ivana-2\/"},"modified":"2026-04-20T06:17:57","modified_gmt":"2026-04-20T06:17:57","slug":"kronos-ivana-2","status":"publish","type":"product","link":"https:\/\/cipele.ba\/en\/shop\/zene\/zenske-patike\/kronos-ivana-2\/","title":{"rendered":"Kronos Ivana"},"content":{"rendered":"<p><!--googleoff: all--> <\/p>\n<p> Podignite moderan, le\u017eerni stil na vi\u0161i nivo uz ove Kronos Ivana \u017eenske lifestyle patike. <\/p>\n<\/p>\n<p> <b> Detalji <\/b> <\/p>\n<li> Mre\u017easto i sinteti\u010dko gornji\u0161te <\/li>\n<li> Klasi\u010dne pertle <\/li>\n<li> Mre\u017easta postava <\/li>\n<li> Spoljni \u0111on od EVA pjene i gume <\/li>\n<li> Kronos logotip <!--googleon: all--> <\/li>","protected":false},"excerpt":{"rendered":"<p>Podignite moderan, le\u017eerni stil na vi\u0161i nivo uz ove Kronos Ivana \u017eenske lifestyle patike. Detalji Mre\u017easto i sinteti\u010dko gornji\u0161te Klasi\u010dne pertle Mre\u017easta postava Spoljni \u0111on od EVA pjene i gume Kronos logotip<\/p>","protected":false},"featured_media":31325,"template":"","meta":{"jetpack_post_was_ever_published":false},"product_brand":[111],"product_cat":[63],"product_tag":[],"class_list":{"0":"post-31327","1":"product","2":"type-product","3":"status-publish","4":"has-post-thumbnail","6":"product_brand-sport_reality","7":"product_cat-zenske-patike","9":"first","10":"instock","11":"shipping-taxable","12":"product-type-external"},"jetpack-related-posts":[],"jetpack_sharing_enabled":true,"_links":{"self":[{"href":"https:\/\/cipele.ba\/en\/wp-json\/wp\/v2\/product\/31327","targetHints":{"allow":["GET"]}}],"collection":[{"href":"https:\/\/cipele.ba\/en\/wp-json\/wp\/v2\/product"}],"about":[{"href":"https:\/\/cipele.ba\/en\/wp-json\/wp\/v2\/types\/product"}],"wp:featuredmedia":[{"embeddable":true,"href":"https:\/\/cipele.ba\/en\/wp-json\/wp\/v2\/media\/31325"}],"wp:attachment":[{"href":"https:\/\/cipele.ba\/en\/wp-json\/wp\/v2\/media?parent=31327"}],"wp:term":[{"taxonomy":"product_brand","embeddable":true,"href":"https:\/\/cipele.ba\/en\/wp-json\/wp\/v2\/product_brand?post=31327"},{"taxonomy":"product_cat","embeddable":true,"href":"https:\/\/cipele.ba\/en\/wp-json\/wp\/v2\/product_cat?post=31327"},{"taxonomy":"product_tag","embeddable":true,"href":"https:\/\/cipele.ba\/en\/wp-json\/wp\/v2\/product_tag?post=31327"}],"curies":[{"name":"wp","href":"https:\/\/api.w.org\/{rel}","templated":true}]}}