{"id":31331,"date":"2025-11-06T11:51:47","date_gmt":"2025-11-06T11:51:47","guid":{"rendered":"https:\/\/cipele.ba\/shop\/uncategorized\/kronos-djurdja-2\/"},"modified":"2026-04-20T02:21:28","modified_gmt":"2026-04-20T02:21:28","slug":"kronos-djurdja-2","status":"publish","type":"product","link":"https:\/\/cipele.ba\/en\/shop\/zene\/zenske-patike\/kronos-djurdja-2\/","title":{"rendered":"Kronos Djurdja"},"content":{"rendered":"<p><!--googleoff: all--> <\/p>\n<p> Podignite moderan, le\u017eerni stil na vi\u0161i nivo uz ove Kronos Djurdja \u017eenske lifestyle patike. <\/p>\n<\/p>\n<p> <b> Detalji <\/b> <\/p>\n<li> Sinteti\u010dko gornji\u0161te <\/li>\n<li> Klasi\u010dne pertle <\/li>\n<li> Tekstilna postava <\/li>\n<li> Gumeni spoljni \u0111on <\/li>\n<li> Kronos logotip <!--googleon: all--> <\/li>","protected":false},"excerpt":{"rendered":"<p>Podignite moderan, le\u017eerni stil na vi\u0161i nivo uz ove Kronos Djurdja \u017eenske lifestyle patike. Detalji Sinteti\u010dko gornji\u0161te Klasi\u010dne pertle Tekstilna postava Gumeni spoljni \u0111on Kronos logotip<\/p>","protected":false},"featured_media":31329,"template":"","meta":{"jetpack_post_was_ever_published":false},"product_brand":[111],"product_cat":[63],"product_tag":[],"class_list":{"0":"post-31331","1":"product","2":"type-product","3":"status-publish","4":"has-post-thumbnail","6":"product_brand-sport_reality","7":"product_cat-zenske-patike","9":"first","10":"instock","11":"sale","12":"shipping-taxable","13":"product-type-external"},"jetpack-related-posts":[],"jetpack_sharing_enabled":true,"_links":{"self":[{"href":"https:\/\/cipele.ba\/en\/wp-json\/wp\/v2\/product\/31331","targetHints":{"allow":["GET"]}}],"collection":[{"href":"https:\/\/cipele.ba\/en\/wp-json\/wp\/v2\/product"}],"about":[{"href":"https:\/\/cipele.ba\/en\/wp-json\/wp\/v2\/types\/product"}],"wp:featuredmedia":[{"embeddable":true,"href":"https:\/\/cipele.ba\/en\/wp-json\/wp\/v2\/media\/31329"}],"wp:attachment":[{"href":"https:\/\/cipele.ba\/en\/wp-json\/wp\/v2\/media?parent=31331"}],"wp:term":[{"taxonomy":"product_brand","embeddable":true,"href":"https:\/\/cipele.ba\/en\/wp-json\/wp\/v2\/product_brand?post=31331"},{"taxonomy":"product_cat","embeddable":true,"href":"https:\/\/cipele.ba\/en\/wp-json\/wp\/v2\/product_cat?post=31331"},{"taxonomy":"product_tag","embeddable":true,"href":"https:\/\/cipele.ba\/en\/wp-json\/wp\/v2\/product_tag?post=31331"}],"curies":[{"name":"wp","href":"https:\/\/api.w.org\/{rel}","templated":true}]}}