{"id":31336,"date":"2025-11-06T11:51:51","date_gmt":"2025-11-06T11:51:51","guid":{"rendered":"https:\/\/cipele.ba\/shop\/uncategorized\/skechers-bobs-2\/"},"modified":"2026-04-20T00:21:34","modified_gmt":"2026-04-20T00:21:34","slug":"skechers-bobs-2","status":"publish","type":"product","link":"https:\/\/cipele.ba\/en\/shop\/zene\/zenske-patike\/skechers-bobs-2\/","title":{"rendered":"Skechers Bobs"},"content":{"rendered":"<p><!--googleoff: all--> <\/p>\n<p> Skechers BOBS B Flex patike su savr\u0161ena kombinacija savremenog stila i udobnosti, s laganim pletenim gornji\u0161tem, amortizuju\u0107im unutra\u0161njim \u0111onom i fleksibilnim spoljnim \u0111onom za svakodnevnu lako\u0107u. <\/p>\n<\/p>\n<p> <b> Detalji: <\/b> <\/p>\n<li> Pleteno gornji\u0161te koje di\u0161e, za bolji protok vazduha i udobnost <\/li>\n<li> Unutra\u0161nji \u0111on od memorijske pjene, za superiornu amortizaciju i potporu <\/li>\n<li> Lagani i fleksibilni spoljni \u0111on za prirodno kretanje <\/li>\n<li> Slip-on dizajn sa elasti\u010dnim pertlama za lako no\u0161enje <\/li>\n<li> Uklapaju se u raznovrsne odjevne kombinacije, savr\u0161ene za svakodnevne aktivnosti <!--googleon: all--> <\/li>","protected":false},"excerpt":{"rendered":"<p>Skechers BOBS B Flex patike su savr\u0161ena kombinacija savremenog stila i udobnosti, s laganim pletenim gornji\u0161tem, amortizuju\u0107im unutra\u0161njim \u0111onom i fleksibilnim spoljnim \u0111onom za svakodnevnu lako\u0107u. Detalji: Pleteno gornji\u0161te koje di\u0161e, za bolji protok vazduha i udobnost Unutra\u0161nji \u0111on od memorijske pjene, za superiornu amortizaciju i potporu Lagani i fleksibilni spoljni \u0111on za prirodno kretanje [&hellip;]<\/p>","protected":false},"featured_media":31334,"template":"","meta":{"jetpack_post_was_ever_published":false},"product_brand":[111],"product_cat":[63],"product_tag":[],"class_list":{"0":"post-31336","1":"product","2":"type-product","3":"status-publish","4":"has-post-thumbnail","6":"product_brand-sport_reality","7":"product_cat-zenske-patike","9":"first","10":"instock","11":"sale","12":"shipping-taxable","13":"product-type-external"},"jetpack-related-posts":[],"jetpack_sharing_enabled":true,"_links":{"self":[{"href":"https:\/\/cipele.ba\/en\/wp-json\/wp\/v2\/product\/31336","targetHints":{"allow":["GET"]}}],"collection":[{"href":"https:\/\/cipele.ba\/en\/wp-json\/wp\/v2\/product"}],"about":[{"href":"https:\/\/cipele.ba\/en\/wp-json\/wp\/v2\/types\/product"}],"wp:featuredmedia":[{"embeddable":true,"href":"https:\/\/cipele.ba\/en\/wp-json\/wp\/v2\/media\/31334"}],"wp:attachment":[{"href":"https:\/\/cipele.ba\/en\/wp-json\/wp\/v2\/media?parent=31336"}],"wp:term":[{"taxonomy":"product_brand","embeddable":true,"href":"https:\/\/cipele.ba\/en\/wp-json\/wp\/v2\/product_brand?post=31336"},{"taxonomy":"product_cat","embeddable":true,"href":"https:\/\/cipele.ba\/en\/wp-json\/wp\/v2\/product_cat?post=31336"},{"taxonomy":"product_tag","embeddable":true,"href":"https:\/\/cipele.ba\/en\/wp-json\/wp\/v2\/product_tag?post=31336"}],"curies":[{"name":"wp","href":"https:\/\/api.w.org\/{rel}","templated":true}]}}