{"id":31339,"date":"2025-11-06T11:51:53","date_gmt":"2025-11-06T11:51:53","guid":{"rendered":"https:\/\/cipele.ba\/shop\/uncategorized\/asics-gel-dedicate-8-clay\/"},"modified":"2026-04-17T11:11:23","modified_gmt":"2026-04-17T11:11:23","slug":"asics-gel-dedicate-8-clay","status":"publish","type":"product","link":"https:\/\/cipele.ba\/en\/shop\/zene\/zenske-patike\/asics-gel-dedicate-8-clay\/","title":{"rendered":"Asics GEL-DEDICATE 8 CLAY"},"content":{"rendered":"<p><!--googleoff: all--> <\/p>\n<p> Asics GEL-DEDICATE 8 CLAY \u017eenske patike za tenis nude fleksibilnost i stabilnost poma\u017eu\u0107i da ostanete fokusirani na igru. <\/p>\n<p> Gornji\u0161te je konstruisano od tkanine i sinteti\u010dke ko\u017ee koja ide preko prstiju garantuju\u0107i podr\u0161ku i sigurnost za va\u0161a stopala prilikom brze promjene pravca kretanja. TRUSSTIC tehnologija uti\u010de da stopala budu \u010dvrsto obavijena istovremeno dozvoljavaju\u0107i da se neometano kre\u0107ete. GEL tehnologija osigurava odli\u010dnu apsorpciju udaraca. <\/p>\n<p> Specifikacija: <\/p>\n<li> \u017denske patike za tenis <\/li>\n<li> Plitak profil <\/li>\n<li> Pertlanje <\/li>\n<li> TRUSSTIC tehnologija <\/li>\n<li> GEL technology <\/li>\n<li> \u0110on za terene sa \u0161ljakom <!--googleon: all--> <\/li>","protected":false},"excerpt":{"rendered":"<p>Asics GEL-DEDICATE 8 CLAY \u017eenske patike za tenis nude fleksibilnost i stabilnost poma\u017eu\u0107i da ostanete fokusirani na igru. Gornji\u0161te je konstruisano od tkanine i sinteti\u010dke ko\u017ee koja ide preko prstiju garantuju\u0107i podr\u0161ku i sigurnost za va\u0161a stopala prilikom brze promjene pravca kretanja. TRUSSTIC tehnologija uti\u010de da stopala budu \u010dvrsto obavijena istovremeno dozvoljavaju\u0107i da se neometano [&hellip;]<\/p>","protected":false},"featured_media":31338,"template":"","meta":{"jetpack_post_was_ever_published":false},"product_brand":[111],"product_cat":[63],"product_tag":[],"class_list":{"0":"post-31339","1":"product","2":"type-product","3":"status-publish","4":"has-post-thumbnail","6":"product_brand-sport_reality","7":"product_cat-zenske-patike","9":"first","10":"instock","11":"shipping-taxable","12":"product-type-external"},"jetpack-related-posts":[],"jetpack_sharing_enabled":true,"_links":{"self":[{"href":"https:\/\/cipele.ba\/en\/wp-json\/wp\/v2\/product\/31339","targetHints":{"allow":["GET"]}}],"collection":[{"href":"https:\/\/cipele.ba\/en\/wp-json\/wp\/v2\/product"}],"about":[{"href":"https:\/\/cipele.ba\/en\/wp-json\/wp\/v2\/types\/product"}],"wp:featuredmedia":[{"embeddable":true,"href":"https:\/\/cipele.ba\/en\/wp-json\/wp\/v2\/media\/31338"}],"wp:attachment":[{"href":"https:\/\/cipele.ba\/en\/wp-json\/wp\/v2\/media?parent=31339"}],"wp:term":[{"taxonomy":"product_brand","embeddable":true,"href":"https:\/\/cipele.ba\/en\/wp-json\/wp\/v2\/product_brand?post=31339"},{"taxonomy":"product_cat","embeddable":true,"href":"https:\/\/cipele.ba\/en\/wp-json\/wp\/v2\/product_cat?post=31339"},{"taxonomy":"product_tag","embeddable":true,"href":"https:\/\/cipele.ba\/en\/wp-json\/wp\/v2\/product_tag?post=31339"}],"curies":[{"name":"wp","href":"https:\/\/api.w.org\/{rel}","templated":true}]}}