{"id":31342,"date":"2025-11-06T11:51:55","date_gmt":"2025-11-06T11:51:55","guid":{"rendered":"https:\/\/cipele.ba\/shop\/uncategorized\/asics-gel-rocket-11\/"},"modified":"2026-04-18T14:20:27","modified_gmt":"2026-04-18T14:20:27","slug":"asics-gel-rocket-11","status":"publish","type":"product","link":"https:\/\/cipele.ba\/en\/shop\/zene\/zenske-patike\/asics-gel-rocket-11\/","title":{"rendered":"Asics GEL-ROCKET 11"},"content":{"rendered":"<p><!--googleoff: all--> <\/p>\n<p> Asics GEL-ROCKET 11 su \u017eenske multifunkcionalne patike za zatvorene terene. <\/p>\n<p> Strukturirano gornji\u0161te grli stopalo pru\u017eaju\u0107i udobnost i prozra\u010dnost da bi stopala ostala hladna i svje\u017ea. TPU TRUSSTIC\u00ae tehnologija u srednjem \u0111onu osigurava stabilnost i spre\u010dava uvrtanje stopala prilikom brzih zaokreta. GEL\u2122 tehnologija pobolj\u0161ava apsorpciju udaraca, dok fleksibilni \u017eljebovi na \u0111onu pove\u0107avaju fleksibilnost i nude nezaboravno iskustvo. <\/p>\n<p> Specifikacija: <\/p>\n<li> \u017denske indoor patike <\/li>\n<li> Plitak profil <\/li>\n<li> Pertlanje <\/li>\n<li> Mre\u017easto gornji\u0161te <\/li>\n<li> PureGEL\u2122 tehnologija <\/li>\n<li> Gumeni \u0111on <!--googleon: all--> <\/li>","protected":false},"excerpt":{"rendered":"<p>Asics GEL-ROCKET 11 su \u017eenske multifunkcionalne patike za zatvorene terene. Strukturirano gornji\u0161te grli stopalo pru\u017eaju\u0107i udobnost i prozra\u010dnost da bi stopala ostala hladna i svje\u017ea. TPU TRUSSTIC\u00ae tehnologija u srednjem \u0111onu osigurava stabilnost i spre\u010dava uvrtanje stopala prilikom brzih zaokreta. GEL\u2122 tehnologija pobolj\u0161ava apsorpciju udaraca, dok fleksibilni \u017eljebovi na \u0111onu pove\u0107avaju fleksibilnost i nude nezaboravno [&hellip;]<\/p>","protected":false},"featured_media":31340,"template":"","meta":{"jetpack_post_was_ever_published":false},"product_brand":[111],"product_cat":[63],"product_tag":[],"class_list":{"0":"post-31342","1":"product","2":"type-product","3":"status-publish","4":"has-post-thumbnail","6":"product_brand-sport_reality","7":"product_cat-zenske-patike","9":"first","10":"instock","11":"shipping-taxable","12":"product-type-external"},"jetpack-related-posts":[],"jetpack_sharing_enabled":true,"_links":{"self":[{"href":"https:\/\/cipele.ba\/en\/wp-json\/wp\/v2\/product\/31342","targetHints":{"allow":["GET"]}}],"collection":[{"href":"https:\/\/cipele.ba\/en\/wp-json\/wp\/v2\/product"}],"about":[{"href":"https:\/\/cipele.ba\/en\/wp-json\/wp\/v2\/types\/product"}],"wp:featuredmedia":[{"embeddable":true,"href":"https:\/\/cipele.ba\/en\/wp-json\/wp\/v2\/media\/31340"}],"wp:attachment":[{"href":"https:\/\/cipele.ba\/en\/wp-json\/wp\/v2\/media?parent=31342"}],"wp:term":[{"taxonomy":"product_brand","embeddable":true,"href":"https:\/\/cipele.ba\/en\/wp-json\/wp\/v2\/product_brand?post=31342"},{"taxonomy":"product_cat","embeddable":true,"href":"https:\/\/cipele.ba\/en\/wp-json\/wp\/v2\/product_cat?post=31342"},{"taxonomy":"product_tag","embeddable":true,"href":"https:\/\/cipele.ba\/en\/wp-json\/wp\/v2\/product_tag?post=31342"}],"curies":[{"name":"wp","href":"https:\/\/api.w.org\/{rel}","templated":true}]}}