{"id":31343,"date":"2025-11-06T11:51:55","date_gmt":"2025-11-06T11:51:55","guid":{"rendered":"https:\/\/cipele.ba\/shop\/uncategorized\/asics-trail-scout-3-2\/"},"modified":"2026-04-18T17:43:51","modified_gmt":"2026-04-18T17:43:51","slug":"asics-trail-scout-3-2","status":"publish","type":"product","link":"https:\/\/cipele.ba\/en\/shop\/zene\/zenske-patike\/asics-trail-scout-3-2\/","title":{"rendered":"Asics Trail Scout 3"},"content":{"rendered":"<p><!--googleoff: all--> <\/p>\n<p> Asics Trail Scout 3 \u017eenske patike pru\u017eaju potporu i trakciju tokom tr\u010danja po prirodi. <\/p>\n<\/p>\n<p> <b> Detalji: <\/b> <\/p>\n<li> Nevjerovatna udobnost ispod stopala <\/li>\n<li> \u0110on je pobolj\u0161an konstrukcijom srednjeg \u0111ona JOLT 4 patika <\/li>\n<li> Pri\u0161iveni slojevi i oblikovani gumeni spoljni \u0111on za produ\u017eetak ukupnog trajanja patika <!--googleon: all--> <\/li>","protected":false},"excerpt":{"rendered":"<p>Asics Trail Scout 3 \u017eenske patike pru\u017eaju potporu i trakciju tokom tr\u010danja po prirodi. Detalji: Nevjerovatna udobnost ispod stopala \u0110on je pobolj\u0161an konstrukcijom srednjeg \u0111ona JOLT 4 patika Pri\u0161iveni slojevi i oblikovani gumeni spoljni \u0111on za produ\u017eetak ukupnog trajanja patika<\/p>","protected":false},"featured_media":31341,"template":"","meta":{"jetpack_post_was_ever_published":false},"product_brand":[111],"product_cat":[63],"product_tag":[],"class_list":{"0":"post-31343","1":"product","2":"type-product","3":"status-publish","4":"has-post-thumbnail","6":"product_brand-sport_reality","7":"product_cat-zenske-patike","9":"first","10":"instock","11":"shipping-taxable","12":"product-type-external"},"jetpack-related-posts":[],"jetpack_sharing_enabled":true,"_links":{"self":[{"href":"https:\/\/cipele.ba\/en\/wp-json\/wp\/v2\/product\/31343","targetHints":{"allow":["GET"]}}],"collection":[{"href":"https:\/\/cipele.ba\/en\/wp-json\/wp\/v2\/product"}],"about":[{"href":"https:\/\/cipele.ba\/en\/wp-json\/wp\/v2\/types\/product"}],"wp:featuredmedia":[{"embeddable":true,"href":"https:\/\/cipele.ba\/en\/wp-json\/wp\/v2\/media\/31341"}],"wp:attachment":[{"href":"https:\/\/cipele.ba\/en\/wp-json\/wp\/v2\/media?parent=31343"}],"wp:term":[{"taxonomy":"product_brand","embeddable":true,"href":"https:\/\/cipele.ba\/en\/wp-json\/wp\/v2\/product_brand?post=31343"},{"taxonomy":"product_cat","embeddable":true,"href":"https:\/\/cipele.ba\/en\/wp-json\/wp\/v2\/product_cat?post=31343"},{"taxonomy":"product_tag","embeddable":true,"href":"https:\/\/cipele.ba\/en\/wp-json\/wp\/v2\/product_tag?post=31343"}],"curies":[{"name":"wp","href":"https:\/\/api.w.org\/{rel}","templated":true}]}}