{"id":31347,"date":"2025-11-06T11:51:58","date_gmt":"2025-11-06T11:51:58","guid":{"rendered":"https:\/\/cipele.ba\/shop\/uncategorized\/adidas-vl-court-3-0-low\/"},"modified":"2026-04-21T09:30:32","modified_gmt":"2026-04-21T09:30:32","slug":"adidas-vl-court-3-0-low","status":"publish","type":"product","link":"https:\/\/cipele.ba\/en\/shop\/zene\/zenske-patike\/adidas-vl-court-3-0-low\/","title":{"rendered":"adidas VL Court 3.0 Low"},"content":{"rendered":"<p><!--googleoff: all--> <\/p>\n<p>adidas VL Court 3.0 Low su \u017eenske lifestyle patike inspirisane kulturom skejtbordinga.<\/p>\n<p>Osvje\u017eite stil sa ovim adidas patikama koje se lako kombinuju sa svim komadima u va\u0161em ormanu. Ispirisan skejt parkom, \u0111on od vulkanizovane gume tako\u0111e savr\u0161eno odgovara istra\u017eivanju gradskih ulica, a gornja povr\u0161ina od mekane, bru\u0161ene ko\u017ee daje da\u0161ak elegancije. Lagani jastu\u010di\u0107i u srednjem \u0111onu i mekana postava pru\u017eaju podr\u0161ku va\u0161em stopalu iz dana u dan. Zakora\u010dite u svijet klasi\u010dnog stila, ali sa dozom futuristi\u010dke elegancije!<\/p>\n<p>Specifikacija:<\/p>\n<li> \u017denske lifestyle patike inspirisane skejtbordingom <\/li>\n<li> Plitak profil <\/li>\n<li> Pertlanje <\/li>\n<li> Gornji dio od ko\u017ee <\/li>\n<li> Jastu\u010di\u0107i u srednjem \u0111onu <\/li>\n<li> Gumeni \u0111on <!--googleon: all--> <\/li>","protected":false},"excerpt":{"rendered":"<p>adidas VL Court 3.0 Low su \u017eenske lifestyle patike inspirisane kulturom skejtbordinga. Osvje\u017eite stil sa ovim adidas patikama koje se lako kombinuju sa svim komadima u va\u0161em ormanu. Ispirisan skejt parkom, \u0111on od vulkanizovane gume tako\u0111e savr\u0161eno odgovara istra\u017eivanju gradskih ulica, a gornja povr\u0161ina od mekane, bru\u0161ene ko\u017ee daje da\u0161ak elegancije. Lagani jastu\u010di\u0107i u srednjem [&hellip;]<\/p>","protected":false},"featured_media":31344,"template":"","meta":{"jetpack_post_was_ever_published":false},"product_brand":[111],"product_cat":[63],"product_tag":[],"class_list":{"0":"post-31347","1":"product","2":"type-product","3":"status-publish","4":"has-post-thumbnail","6":"product_brand-sport_reality","7":"product_cat-zenske-patike","9":"first","10":"instock","11":"shipping-taxable","12":"product-type-external"},"jetpack-related-posts":[],"jetpack_sharing_enabled":true,"_links":{"self":[{"href":"https:\/\/cipele.ba\/en\/wp-json\/wp\/v2\/product\/31347","targetHints":{"allow":["GET"]}}],"collection":[{"href":"https:\/\/cipele.ba\/en\/wp-json\/wp\/v2\/product"}],"about":[{"href":"https:\/\/cipele.ba\/en\/wp-json\/wp\/v2\/types\/product"}],"wp:featuredmedia":[{"embeddable":true,"href":"https:\/\/cipele.ba\/en\/wp-json\/wp\/v2\/media\/31344"}],"wp:attachment":[{"href":"https:\/\/cipele.ba\/en\/wp-json\/wp\/v2\/media?parent=31347"}],"wp:term":[{"taxonomy":"product_brand","embeddable":true,"href":"https:\/\/cipele.ba\/en\/wp-json\/wp\/v2\/product_brand?post=31347"},{"taxonomy":"product_cat","embeddable":true,"href":"https:\/\/cipele.ba\/en\/wp-json\/wp\/v2\/product_cat?post=31347"},{"taxonomy":"product_tag","embeddable":true,"href":"https:\/\/cipele.ba\/en\/wp-json\/wp\/v2\/product_tag?post=31347"}],"curies":[{"name":"wp","href":"https:\/\/api.w.org\/{rel}","templated":true}]}}