{"id":31348,"date":"2025-11-06T11:51:59","date_gmt":"2025-11-06T11:51:59","guid":{"rendered":"https:\/\/cipele.ba\/shop\/uncategorized\/adidas-vl-court-3-0-7\/"},"modified":"2026-04-19T01:38:42","modified_gmt":"2026-04-19T01:38:42","slug":"adidas-vl-court-3-0-7","status":"publish","type":"product","link":"https:\/\/cipele.ba\/en\/shop\/zene\/zenske-patike\/adidas-vl-court-3-0-7\/","title":{"rendered":"adidas Vl Court 3.0"},"content":{"rendered":"<p><!--googleoff: all--> <\/p>\n<p> adidas Vl Court 3.0 su amortizovane sinteti\u010dke ko\u017ene patike za \u017eene dizajnirane da stilizuju va\u0161 dan. Nosite ih uz elegantnu odje\u0107u. Nosite ih uz sportsku odje\u0107u. Ove adidas patike se bez problema kombinuju sa prakti\u010dno svakim komadom iz va\u0161eg ormara. <\/p>\n<\/p>\n<p> <b> DETALJI <\/b> <\/p>\n<li> Regular fit <\/li>\n<li> Pertlanje <\/li>\n<li> Tekstilna postava <\/li>\n<li> Gornji\u0161te od sinteti\u010dke ko\u017ee donosi dodir elegancije <\/li>\n<li> Srednji \u0111on sa jastu\u010di\u0107ima pru\u017ea potporu stopalu svakog dana <\/li>\n<li> Spoljni \u0111on od vulkanizovane gume je inspirisan skejterskim parkom i podjednako je pogodan za istra\u017eivanje grada <b> ECO STORY <\/b> <\/li>\n<li> Ovaj proizvod sadr\u017ei najmanje 20% recikliranog materijala <!--googleon: all--> <\/li>","protected":false},"excerpt":{"rendered":"<p>adidas Vl Court 3.0 su amortizovane sinteti\u010dke ko\u017ene patike za \u017eene dizajnirane da stilizuju va\u0161 dan. Nosite ih uz elegantnu odje\u0107u. Nosite ih uz sportsku odje\u0107u. Ove adidas patike se bez problema kombinuju sa prakti\u010dno svakim komadom iz va\u0161eg ormara. DETALJI Regular fit Pertlanje Tekstilna postava Gornji\u0161te od sinteti\u010dke ko\u017ee donosi dodir elegancije Srednji \u0111on [&hellip;]<\/p>","protected":false},"featured_media":31345,"template":"","meta":{"jetpack_post_was_ever_published":false},"product_brand":[111],"product_cat":[63],"product_tag":[],"class_list":{"0":"post-31348","1":"product","2":"type-product","3":"status-publish","4":"has-post-thumbnail","6":"product_brand-sport_reality","7":"product_cat-zenske-patike","9":"first","10":"instock","11":"shipping-taxable","12":"product-type-external"},"jetpack-related-posts":[],"jetpack_sharing_enabled":true,"_links":{"self":[{"href":"https:\/\/cipele.ba\/en\/wp-json\/wp\/v2\/product\/31348","targetHints":{"allow":["GET"]}}],"collection":[{"href":"https:\/\/cipele.ba\/en\/wp-json\/wp\/v2\/product"}],"about":[{"href":"https:\/\/cipele.ba\/en\/wp-json\/wp\/v2\/types\/product"}],"wp:featuredmedia":[{"embeddable":true,"href":"https:\/\/cipele.ba\/en\/wp-json\/wp\/v2\/media\/31345"}],"wp:attachment":[{"href":"https:\/\/cipele.ba\/en\/wp-json\/wp\/v2\/media?parent=31348"}],"wp:term":[{"taxonomy":"product_brand","embeddable":true,"href":"https:\/\/cipele.ba\/en\/wp-json\/wp\/v2\/product_brand?post=31348"},{"taxonomy":"product_cat","embeddable":true,"href":"https:\/\/cipele.ba\/en\/wp-json\/wp\/v2\/product_cat?post=31348"},{"taxonomy":"product_tag","embeddable":true,"href":"https:\/\/cipele.ba\/en\/wp-json\/wp\/v2\/product_tag?post=31348"}],"curies":[{"name":"wp","href":"https:\/\/api.w.org\/{rel}","templated":true}]}}