{"id":31349,"date":"2025-11-06T11:51:59","date_gmt":"2025-11-06T11:51:59","guid":{"rendered":"https:\/\/cipele.ba\/shop\/uncategorized\/asics-court-slide-4-3\/"},"modified":"2026-04-15T20:47:31","modified_gmt":"2026-04-15T20:47:31","slug":"asics-court-slide-4-3","status":"publish","type":"product","link":"https:\/\/cipele.ba\/en\/shop\/zene\/zenske-patike\/asics-court-slide-4-3\/","title":{"rendered":"Asics Court Slide 4"},"content":{"rendered":"<p><!--googleoff: all--> <\/p>\n<p> Asics Court Slide 4 \u017eenske teniske patike kombinuju laganu udobnost sa pobolj\u0161anom stabilno\u0161\u0107u, pru\u017eaju\u0107i sigurno i podr\u017eavaju\u0107e pristajanje za brze pokrete na terenu. <\/p>\n<\/p>\n<p> <b> Detalji <\/b> <\/p>\n<li> Sa sinteti\u010dkim ko\u017enim prekriva\u010dima po cijelom gornji\u0161tu, ove patike nude udobno pristajanje zahvaljuju\u0107i mekom postavljanju oko okovratnika pete, dok \u0111on koji obuhvata pru\u017ea pobolj\u0161anu stabilnost tokom bo\u010dnih pokreta. <!--googleon: all--> <\/li>","protected":false},"excerpt":{"rendered":"<p>Asics Court Slide 4 \u017eenske teniske patike kombinuju laganu udobnost sa pobolj\u0161anom stabilno\u0161\u0107u, pru\u017eaju\u0107i sigurno i podr\u017eavaju\u0107e pristajanje za brze pokrete na terenu. Detalji Sa sinteti\u010dkim ko\u017enim prekriva\u010dima po cijelom gornji\u0161tu, ove patike nude udobno pristajanje zahvaljuju\u0107i mekom postavljanju oko okovratnika pete, dok \u0111on koji obuhvata pru\u017ea pobolj\u0161anu stabilnost tokom bo\u010dnih pokreta.<\/p>","protected":false},"featured_media":31346,"template":"","meta":{"jetpack_post_was_ever_published":false},"product_brand":[111],"product_cat":[63],"product_tag":[],"class_list":{"0":"post-31349","1":"product","2":"type-product","3":"status-publish","4":"has-post-thumbnail","6":"product_brand-sport_reality","7":"product_cat-zenske-patike","9":"first","10":"instock","11":"shipping-taxable","12":"product-type-external"},"jetpack-related-posts":[],"jetpack_sharing_enabled":true,"_links":{"self":[{"href":"https:\/\/cipele.ba\/en\/wp-json\/wp\/v2\/product\/31349","targetHints":{"allow":["GET"]}}],"collection":[{"href":"https:\/\/cipele.ba\/en\/wp-json\/wp\/v2\/product"}],"about":[{"href":"https:\/\/cipele.ba\/en\/wp-json\/wp\/v2\/types\/product"}],"wp:featuredmedia":[{"embeddable":true,"href":"https:\/\/cipele.ba\/en\/wp-json\/wp\/v2\/media\/31346"}],"wp:attachment":[{"href":"https:\/\/cipele.ba\/en\/wp-json\/wp\/v2\/media?parent=31349"}],"wp:term":[{"taxonomy":"product_brand","embeddable":true,"href":"https:\/\/cipele.ba\/en\/wp-json\/wp\/v2\/product_brand?post=31349"},{"taxonomy":"product_cat","embeddable":true,"href":"https:\/\/cipele.ba\/en\/wp-json\/wp\/v2\/product_cat?post=31349"},{"taxonomy":"product_tag","embeddable":true,"href":"https:\/\/cipele.ba\/en\/wp-json\/wp\/v2\/product_tag?post=31349"}],"curies":[{"name":"wp","href":"https:\/\/api.w.org\/{rel}","templated":true}]}}