{"id":31353,"date":"2025-11-06T11:52:03","date_gmt":"2025-11-06T11:52:03","guid":{"rendered":"https:\/\/cipele.ba\/shop\/uncategorized\/adidas-vl-court-bold-6\/"},"modified":"2026-04-18T20:59:15","modified_gmt":"2026-04-18T20:59:15","slug":"adidas-vl-court-bold-6","status":"publish","type":"product","link":"https:\/\/cipele.ba\/en\/shop\/zene\/zenske-patike\/adidas-vl-court-bold-6\/","title":{"rendered":"adidas VL Court Bold"},"content":{"rendered":"<p><!--googleoff: all--> <\/p>\n<p>Sve je u ravnote\u017ei sa adidas VL Court Bold patikama. Imaju nizak profil, ali stoje na visokoj platformi koja podi\u017ee izgled \u2013 doslovno i stilski. Gornji dio od ko\u017ee, tekstilna postava i izdr\u017eljiv gumeni \u0111on zajedno pru\u017eaju neprekidnu udobnost za tvoje svakodnevne pokrete.<br \/>Detalji:<\/p>\n<li> Moderan dizajn \u2013 visoka platforma za trendi izgled.<\/li>\n<li> Udobnost \u2013 ko\u017eni gornji dio i mekana postava za prijatan osje\u0107aj.<\/li>\n<li> Izdr\u017eljivost \u2013 gumeni \u0111on za dugotrajnu stabilnost i sigurnost. <!--googleon: all--> <\/li>","protected":false},"excerpt":{"rendered":"<p>Sve je u ravnote\u017ei sa adidas VL Court Bold patikama. Imaju nizak profil, ali stoje na visokoj platformi koja podi\u017ee izgled \u2013 doslovno i stilski. Gornji dio od ko\u017ee, tekstilna postava i izdr\u017eljiv gumeni \u0111on zajedno pru\u017eaju neprekidnu udobnost za tvoje svakodnevne pokrete.Detalji: Moderan dizajn \u2013 visoka platforma za trendi izgled. Udobnost \u2013 ko\u017eni gornji [&hellip;]<\/p>","protected":false},"featured_media":31351,"template":"","meta":{"jetpack_post_was_ever_published":false},"product_brand":[111],"product_cat":[63],"product_tag":[],"class_list":{"0":"post-31353","1":"product","2":"type-product","3":"status-publish","4":"has-post-thumbnail","6":"product_brand-sport_reality","7":"product_cat-zenske-patike","9":"first","10":"instock","11":"shipping-taxable","12":"product-type-external"},"jetpack-related-posts":[],"jetpack_sharing_enabled":true,"_links":{"self":[{"href":"https:\/\/cipele.ba\/en\/wp-json\/wp\/v2\/product\/31353","targetHints":{"allow":["GET"]}}],"collection":[{"href":"https:\/\/cipele.ba\/en\/wp-json\/wp\/v2\/product"}],"about":[{"href":"https:\/\/cipele.ba\/en\/wp-json\/wp\/v2\/types\/product"}],"wp:featuredmedia":[{"embeddable":true,"href":"https:\/\/cipele.ba\/en\/wp-json\/wp\/v2\/media\/31351"}],"wp:attachment":[{"href":"https:\/\/cipele.ba\/en\/wp-json\/wp\/v2\/media?parent=31353"}],"wp:term":[{"taxonomy":"product_brand","embeddable":true,"href":"https:\/\/cipele.ba\/en\/wp-json\/wp\/v2\/product_brand?post=31353"},{"taxonomy":"product_cat","embeddable":true,"href":"https:\/\/cipele.ba\/en\/wp-json\/wp\/v2\/product_cat?post=31353"},{"taxonomy":"product_tag","embeddable":true,"href":"https:\/\/cipele.ba\/en\/wp-json\/wp\/v2\/product_tag?post=31353"}],"curies":[{"name":"wp","href":"https:\/\/api.w.org\/{rel}","templated":true}]}}