{"id":31361,"date":"2025-11-06T11:52:09","date_gmt":"2025-11-06T11:52:09","guid":{"rendered":"https:\/\/cipele.ba\/shop\/uncategorized\/nike-downshifter-13\/"},"modified":"2026-04-22T01:12:08","modified_gmt":"2026-04-22T01:12:08","slug":"nike-downshifter-13","status":"publish","type":"product","link":"https:\/\/cipele.ba\/en\/shop\/zene\/zenske-patike\/nike-downshifter-13\/","title":{"rendered":"Nike Downshifter 13"},"content":{"rendered":"<p><!--googleoff: all--> <\/p>\n<p> Bez obzira na to da li ste po\u010detnik ili profesionalac koji \u017eeli da unaprijedi svoje vje\u0161tine, Nike Downshifter 13 \u017eenske patike za tr\u010danje \u0107e zadovoljiti va\u0161e potrebe. <\/p>\n<p> Mre\u017easti gornji dio je mekan na dodir i nudi visok nivo prozra\u010dnosti. Izdr\u017eljiv, lagan i nje\u017eno obavija stopalo nude\u0107i meko\u0107u i udobnost. Traka za fiksiranje srednjeg dijela stopala, zajedno sa pertlanjem obezbje\u0111uje stabilnost. Srednji \u0111on od pjene \u010dini svaki korak prijatnijim i obezbje\u0111uje vrhunsku amortizaciju. Gumeni \u0111on osigurava odli\u010dno prianjanje i time \u010dvrsto dr\u017ei va\u0161a stopala na podlozi. Zapertlajte ove funkcionalne Nike patike i krenite u obaranje li\u010dnih rekorda. <\/p>\n<p> Specifikacija: <\/p>\n<li> \u017denake patike za tr\u010danje <\/li>\n<li> Plitak profil <\/li>\n<li> Pertlanje i traka za fiksiranje srednjeg dijela stopala <\/li>\n<li> Pjena u me\u0111u\u0111onu <\/li>\n<li> Jezi\u010dak za petu <\/li>\n<li> Mre\u017easto gornji\u0161te <\/li>\n<li> Gumeni \u0111on <!--googleon: all--> <\/li>","protected":false},"excerpt":{"rendered":"<p>Bez obzira na to da li ste po\u010detnik ili profesionalac koji \u017eeli da unaprijedi svoje vje\u0161tine, Nike Downshifter 13 \u017eenske patike za tr\u010danje \u0107e zadovoljiti va\u0161e potrebe. Mre\u017easti gornji dio je mekan na dodir i nudi visok nivo prozra\u010dnosti. Izdr\u017eljiv, lagan i nje\u017eno obavija stopalo nude\u0107i meko\u0107u i udobnost. Traka za fiksiranje srednjeg dijela stopala, [&hellip;]<\/p>","protected":false},"featured_media":31358,"template":"","meta":{"jetpack_post_was_ever_published":false},"product_brand":[111],"product_cat":[63],"product_tag":[],"class_list":{"0":"post-31361","1":"product","2":"type-product","3":"status-publish","4":"has-post-thumbnail","6":"product_brand-sport_reality","7":"product_cat-zenske-patike","9":"first","10":"instock","11":"sale","12":"shipping-taxable","13":"product-type-external"},"jetpack-related-posts":[],"jetpack_sharing_enabled":true,"_links":{"self":[{"href":"https:\/\/cipele.ba\/en\/wp-json\/wp\/v2\/product\/31361","targetHints":{"allow":["GET"]}}],"collection":[{"href":"https:\/\/cipele.ba\/en\/wp-json\/wp\/v2\/product"}],"about":[{"href":"https:\/\/cipele.ba\/en\/wp-json\/wp\/v2\/types\/product"}],"wp:featuredmedia":[{"embeddable":true,"href":"https:\/\/cipele.ba\/en\/wp-json\/wp\/v2\/media\/31358"}],"wp:attachment":[{"href":"https:\/\/cipele.ba\/en\/wp-json\/wp\/v2\/media?parent=31361"}],"wp:term":[{"taxonomy":"product_brand","embeddable":true,"href":"https:\/\/cipele.ba\/en\/wp-json\/wp\/v2\/product_brand?post=31361"},{"taxonomy":"product_cat","embeddable":true,"href":"https:\/\/cipele.ba\/en\/wp-json\/wp\/v2\/product_cat?post=31361"},{"taxonomy":"product_tag","embeddable":true,"href":"https:\/\/cipele.ba\/en\/wp-json\/wp\/v2\/product_tag?post=31361"}],"curies":[{"name":"wp","href":"https:\/\/api.w.org\/{rel}","templated":true}]}}