{"id":31381,"date":"2025-11-06T11:52:23","date_gmt":"2025-11-06T11:52:23","guid":{"rendered":"https:\/\/cipele.ba\/shop\/uncategorized\/kronos-beatriz-3\/"},"modified":"2026-04-21T21:56:36","modified_gmt":"2026-04-21T21:56:36","slug":"kronos-beatriz-3","status":"publish","type":"product","link":"https:\/\/cipele.ba\/en\/shop\/zene\/zenske-patike\/kronos-beatriz-3\/","title":{"rendered":"Kronos Beatriz"},"content":{"rendered":"<p><!--googleoff: all--> <\/p>\n<p> Kronos Beatriz \u017eenske lifestyle patike pru\u017eaju klasi\u010dan izgled i udobnost tokom cijelog dana. <\/p>\n<\/p>\n<p> <b> Detalji <\/b> <\/p>\n<li> Sinteti\u010dko gornji\u0161te <\/li>\n<li> Klasi\u010dne pertle <\/li>\n<li> Mre\u017easta postava <\/li>\n<li> Gumeni spoljni \u0111on <\/li>\n<li> Kronos logotip <!--googleon: all--> <\/li>","protected":false},"excerpt":{"rendered":"<p>Kronos Beatriz \u017eenske lifestyle patike pru\u017eaju klasi\u010dan izgled i udobnost tokom cijelog dana. Detalji Sinteti\u010dko gornji\u0161te Klasi\u010dne pertle Mre\u017easta postava Gumeni spoljni \u0111on Kronos logotip<\/p>","protected":false},"featured_media":31380,"template":"","meta":{"jetpack_post_was_ever_published":false},"product_brand":[111],"product_cat":[63],"product_tag":[],"class_list":{"0":"post-31381","1":"product","2":"type-product","3":"status-publish","4":"has-post-thumbnail","6":"product_brand-sport_reality","7":"product_cat-zenske-patike","9":"first","10":"instock","11":"shipping-taxable","12":"product-type-external"},"jetpack-related-posts":[],"jetpack_sharing_enabled":true,"_links":{"self":[{"href":"https:\/\/cipele.ba\/en\/wp-json\/wp\/v2\/product\/31381","targetHints":{"allow":["GET"]}}],"collection":[{"href":"https:\/\/cipele.ba\/en\/wp-json\/wp\/v2\/product"}],"about":[{"href":"https:\/\/cipele.ba\/en\/wp-json\/wp\/v2\/types\/product"}],"wp:featuredmedia":[{"embeddable":true,"href":"https:\/\/cipele.ba\/en\/wp-json\/wp\/v2\/media\/31380"}],"wp:attachment":[{"href":"https:\/\/cipele.ba\/en\/wp-json\/wp\/v2\/media?parent=31381"}],"wp:term":[{"taxonomy":"product_brand","embeddable":true,"href":"https:\/\/cipele.ba\/en\/wp-json\/wp\/v2\/product_brand?post=31381"},{"taxonomy":"product_cat","embeddable":true,"href":"https:\/\/cipele.ba\/en\/wp-json\/wp\/v2\/product_cat?post=31381"},{"taxonomy":"product_tag","embeddable":true,"href":"https:\/\/cipele.ba\/en\/wp-json\/wp\/v2\/product_tag?post=31381"}],"curies":[{"name":"wp","href":"https:\/\/api.w.org\/{rel}","templated":true}]}}