{"id":31396,"date":"2025-11-06T11:52:33","date_gmt":"2025-11-06T11:52:33","guid":{"rendered":"https:\/\/cipele.ba\/shop\/uncategorized\/adidas-rapid-court-2\/"},"modified":"2026-04-18T19:37:18","modified_gmt":"2026-04-18T19:37:18","slug":"adidas-rapid-court-2","status":"publish","type":"product","link":"https:\/\/cipele.ba\/en\/shop\/zene\/zenske-patike\/adidas-rapid-court-2\/","title":{"rendered":"adidas Rapid Court"},"content":{"rendered":"<p><!--googleoff: all--> <\/p>\n<p> Istra\u017eujte gradske ulice sa stilom uz ove adidas \u017eenske srednje patike sa detaljima inspirisanim ko\u0161arkom. <\/p>\n<\/p>\n<p> <b> Detalji <\/b> <\/p>\n<li> Silueta srednjeg profila <\/li>\n<li> Gornji\u0161te od sinteti\u010dke ko\u017ee sa akcentima od mekog antilopa <\/li>\n<li> Gumeni jednodijelni \u0111on <!--googleon: all--> <\/li>","protected":false},"excerpt":{"rendered":"<p>Istra\u017eujte gradske ulice sa stilom uz ove adidas \u017eenske srednje patike sa detaljima inspirisanim ko\u0161arkom. Detalji Silueta srednjeg profila Gornji\u0161te od sinteti\u010dke ko\u017ee sa akcentima od mekog antilopa Gumeni jednodijelni \u0111on<\/p>","protected":false},"featured_media":31393,"template":"","meta":{"jetpack_post_was_ever_published":false},"product_brand":[111],"product_cat":[63],"product_tag":[],"class_list":{"0":"post-31396","1":"product","2":"type-product","3":"status-publish","4":"has-post-thumbnail","6":"product_brand-sport_reality","7":"product_cat-zenske-patike","9":"first","10":"instock","11":"sale","12":"shipping-taxable","13":"product-type-external"},"jetpack-related-posts":[],"jetpack_sharing_enabled":true,"_links":{"self":[{"href":"https:\/\/cipele.ba\/en\/wp-json\/wp\/v2\/product\/31396","targetHints":{"allow":["GET"]}}],"collection":[{"href":"https:\/\/cipele.ba\/en\/wp-json\/wp\/v2\/product"}],"about":[{"href":"https:\/\/cipele.ba\/en\/wp-json\/wp\/v2\/types\/product"}],"wp:featuredmedia":[{"embeddable":true,"href":"https:\/\/cipele.ba\/en\/wp-json\/wp\/v2\/media\/31393"}],"wp:attachment":[{"href":"https:\/\/cipele.ba\/en\/wp-json\/wp\/v2\/media?parent=31396"}],"wp:term":[{"taxonomy":"product_brand","embeddable":true,"href":"https:\/\/cipele.ba\/en\/wp-json\/wp\/v2\/product_brand?post=31396"},{"taxonomy":"product_cat","embeddable":true,"href":"https:\/\/cipele.ba\/en\/wp-json\/wp\/v2\/product_cat?post=31396"},{"taxonomy":"product_tag","embeddable":true,"href":"https:\/\/cipele.ba\/en\/wp-json\/wp\/v2\/product_tag?post=31396"}],"curies":[{"name":"wp","href":"https:\/\/api.w.org\/{rel}","templated":true}]}}