{"id":31399,"date":"2025-11-06T11:52:37","date_gmt":"2025-11-06T11:52:37","guid":{"rendered":"https:\/\/cipele.ba\/shop\/uncategorized\/skechers-trego-snow-worries\/"},"modified":"2026-04-19T23:32:46","modified_gmt":"2026-04-19T23:32:46","slug":"skechers-trego-snow-worries","status":"publish","type":"product","link":"https:\/\/cipele.ba\/en\/shop\/zene\/zenske-patike\/skechers-trego-snow-worries\/","title":{"rendered":"Skechers Trego &#8211; Snow Worries"},"content":{"rendered":"<p><!--googleoff: all--> <\/p>\n<p>Ostani u\u0161u\u0161kana i samouvjerena tokom hladnog vremena uz ove \u017eenske Skechers \u010dizme, koje imaju vodootporni dizajn, krzneni okovratnik i izdr\u017eljiv \u0111on za cjelodnevnu toplinu i stabilnost.<\/p>\n<\/p>\n<p> <b> Detalji <\/b> <\/p>\n<li> \u017denske vodootporne zimske \u010dizme<\/li>\n<li>Gornji\u0161te od meke antilop teksture sa krznenim detaljima<\/li>\n<li>Vezanje naprijed za sigurno pristajanje<\/li>\n<li>Topla izolovana postava za hladne uslove<\/li>\n<li>Udoban ulo\u017eak za podr\u0161ku<\/li>\n<li>Lagana srednja \u0111on za apsorpciju udara<\/li>\n<li>Izdr\u017eljiv gumeni \u0111on za stabilnost na mokrim ili ledenim povr\u0161inama <!--googleon: all--> <\/li>","protected":false},"excerpt":{"rendered":"<p>Ostani u\u0161u\u0161kana i samouvjerena tokom hladnog vremena uz ove \u017eenske Skechers \u010dizme, koje imaju vodootporni dizajn, krzneni okovratnik i izdr\u017eljiv \u0111on za cjelodnevnu toplinu i stabilnost. Detalji \u017denske vodootporne zimske \u010dizme Gornji\u0161te od meke antilop teksture sa krznenim detaljima Vezanje naprijed za sigurno pristajanje Topla izolovana postava za hladne uslove Udoban ulo\u017eak za podr\u0161ku Lagana [&hellip;]<\/p>","protected":false},"featured_media":31398,"template":"","meta":{"jetpack_post_was_ever_published":false},"product_brand":[111],"product_cat":[63],"product_tag":[],"class_list":{"0":"post-31399","1":"product","2":"type-product","3":"status-publish","4":"has-post-thumbnail","6":"product_brand-sport_reality","7":"product_cat-zenske-patike","9":"first","10":"instock","11":"shipping-taxable","12":"product-type-external"},"jetpack-related-posts":[],"jetpack_sharing_enabled":true,"_links":{"self":[{"href":"https:\/\/cipele.ba\/en\/wp-json\/wp\/v2\/product\/31399","targetHints":{"allow":["GET"]}}],"collection":[{"href":"https:\/\/cipele.ba\/en\/wp-json\/wp\/v2\/product"}],"about":[{"href":"https:\/\/cipele.ba\/en\/wp-json\/wp\/v2\/types\/product"}],"wp:featuredmedia":[{"embeddable":true,"href":"https:\/\/cipele.ba\/en\/wp-json\/wp\/v2\/media\/31398"}],"wp:attachment":[{"href":"https:\/\/cipele.ba\/en\/wp-json\/wp\/v2\/media?parent=31399"}],"wp:term":[{"taxonomy":"product_brand","embeddable":true,"href":"https:\/\/cipele.ba\/en\/wp-json\/wp\/v2\/product_brand?post=31399"},{"taxonomy":"product_cat","embeddable":true,"href":"https:\/\/cipele.ba\/en\/wp-json\/wp\/v2\/product_cat?post=31399"},{"taxonomy":"product_tag","embeddable":true,"href":"https:\/\/cipele.ba\/en\/wp-json\/wp\/v2\/product_tag?post=31399"}],"curies":[{"name":"wp","href":"https:\/\/api.w.org\/{rel}","templated":true}]}}