{"id":31413,"date":"2025-11-06T11:52:46","date_gmt":"2025-11-06T11:52:46","guid":{"rendered":"https:\/\/cipele.ba\/shop\/uncategorized\/nike-intrlk-lite\/"},"modified":"2026-04-19T06:39:23","modified_gmt":"2026-04-19T06:39:23","slug":"nike-intrlk-lite","status":"publish","type":"product","link":"https:\/\/cipele.ba\/en\/shop\/zene\/zenske-patike\/nike-intrlk-lite\/","title":{"rendered":"Nike Intrlk Lite"},"content":{"rendered":"<p><!--googleoff: all--> <\/p>\n<p> Morate da osjetite senzaciju da biste bili senzacija. Tu su Air Max Intrlk Lite \u017eenske lifestyle patike. <\/p>\n<\/p>\n<p> <b> DETALJI <\/b> <\/p>\n<li> Tekstilno gornji\u0161te sa mre\u017eastim akcentima za lagan, prozra\u010dan i udoban osje\u0107aj <\/li>\n<li> Nike Air tehnologija apsorbuje udare za amortizaciju u svakom koraku <\/li>\n<li> Gumeni spoljni \u0111on pru\u017ea izdr\u017eljivu trakciju i istorijski stil <\/li>\n<li> Punjeni plitki rub izgleda elegantno i pru\u017ea fantasti\u010dan osje\u0107aj <\/li>\n<li> Jezi\u010dci za obuvanje na peti i jeziku <\/li>\n<li> Pjenasti srednji \u0111on <\/li>\n<li> Okrugle pertle <!--googleon: all--> <\/li>","protected":false},"excerpt":{"rendered":"<p>Morate da osjetite senzaciju da biste bili senzacija. Tu su Air Max Intrlk Lite \u017eenske lifestyle patike. DETALJI Tekstilno gornji\u0161te sa mre\u017eastim akcentima za lagan, prozra\u010dan i udoban osje\u0107aj Nike Air tehnologija apsorbuje udare za amortizaciju u svakom koraku Gumeni spoljni \u0111on pru\u017ea izdr\u017eljivu trakciju i istorijski stil Punjeni plitki rub izgleda elegantno i pru\u017ea [&hellip;]<\/p>","protected":false},"featured_media":31410,"template":"","meta":{"jetpack_post_was_ever_published":false},"product_brand":[111],"product_cat":[63],"product_tag":[],"class_list":{"0":"post-31413","1":"product","2":"type-product","3":"status-publish","4":"has-post-thumbnail","6":"product_brand-sport_reality","7":"product_cat-zenske-patike","9":"first","10":"instock","11":"sale","12":"shipping-taxable","13":"product-type-external"},"jetpack-related-posts":[],"jetpack_sharing_enabled":true,"_links":{"self":[{"href":"https:\/\/cipele.ba\/en\/wp-json\/wp\/v2\/product\/31413","targetHints":{"allow":["GET"]}}],"collection":[{"href":"https:\/\/cipele.ba\/en\/wp-json\/wp\/v2\/product"}],"about":[{"href":"https:\/\/cipele.ba\/en\/wp-json\/wp\/v2\/types\/product"}],"wp:featuredmedia":[{"embeddable":true,"href":"https:\/\/cipele.ba\/en\/wp-json\/wp\/v2\/media\/31410"}],"wp:attachment":[{"href":"https:\/\/cipele.ba\/en\/wp-json\/wp\/v2\/media?parent=31413"}],"wp:term":[{"taxonomy":"product_brand","embeddable":true,"href":"https:\/\/cipele.ba\/en\/wp-json\/wp\/v2\/product_brand?post=31413"},{"taxonomy":"product_cat","embeddable":true,"href":"https:\/\/cipele.ba\/en\/wp-json\/wp\/v2\/product_cat?post=31413"},{"taxonomy":"product_tag","embeddable":true,"href":"https:\/\/cipele.ba\/en\/wp-json\/wp\/v2\/product_tag?post=31413"}],"curies":[{"name":"wp","href":"https:\/\/api.w.org\/{rel}","templated":true}]}}