{"id":31421,"date":"2025-11-06T11:52:51","date_gmt":"2025-11-06T11:52:51","guid":{"rendered":"https:\/\/cipele.ba\/shop\/uncategorized\/skechers-skech-lite-pro-sleek-2\/"},"modified":"2026-04-19T00:19:44","modified_gmt":"2026-04-19T00:19:44","slug":"skechers-skech-lite-pro-sleek-2","status":"publish","type":"product","link":"https:\/\/cipele.ba\/en\/shop\/zene\/zenske-patike\/skechers-skech-lite-pro-sleek-2\/","title":{"rendered":"Skechers SKECH-LITE PRO-SLEEK"},"content":{"rendered":"<p><!--googleoff: all--> <\/p>\n<p>Dje\u010dije Skechers patike koje prate svaki skok, trk i osmijeh. Mekan \u0111on pru\u017ea udobnost na svakom koraku, dok lagani dizajn \u010dini igru jo\u0161 bezbri\u017enijom.<br \/>Detalji:<\/p>\n<li> Mekani \u0111on \u2013 za udobnost tokom cijelog dana<\/li>\n<li> Lagan materijal \u2013 ne optere\u0107uje stopalo<\/li>\n<li> Prilagodljiv oblik \u2013 za slobodno i prirodno kretanje <!--googleon: all--> <\/li>","protected":false},"excerpt":{"rendered":"<p>Dje\u010dije Skechers patike koje prate svaki skok, trk i osmijeh. Mekan \u0111on pru\u017ea udobnost na svakom koraku, dok lagani dizajn \u010dini igru jo\u0161 bezbri\u017enijom.Detalji: Mekani \u0111on \u2013 za udobnost tokom cijelog dana Lagan materijal \u2013 ne optere\u0107uje stopalo Prilagodljiv oblik \u2013 za slobodno i prirodno kretanje<\/p>","protected":false},"featured_media":31418,"template":"","meta":{"jetpack_post_was_ever_published":false},"product_brand":[111],"product_cat":[63],"product_tag":[],"class_list":{"0":"post-31421","1":"product","2":"type-product","3":"status-publish","4":"has-post-thumbnail","6":"product_brand-sport_reality","7":"product_cat-zenske-patike","9":"first","10":"instock","11":"sale","12":"shipping-taxable","13":"product-type-external"},"jetpack-related-posts":[],"jetpack_sharing_enabled":true,"_links":{"self":[{"href":"https:\/\/cipele.ba\/en\/wp-json\/wp\/v2\/product\/31421","targetHints":{"allow":["GET"]}}],"collection":[{"href":"https:\/\/cipele.ba\/en\/wp-json\/wp\/v2\/product"}],"about":[{"href":"https:\/\/cipele.ba\/en\/wp-json\/wp\/v2\/types\/product"}],"wp:featuredmedia":[{"embeddable":true,"href":"https:\/\/cipele.ba\/en\/wp-json\/wp\/v2\/media\/31418"}],"wp:attachment":[{"href":"https:\/\/cipele.ba\/en\/wp-json\/wp\/v2\/media?parent=31421"}],"wp:term":[{"taxonomy":"product_brand","embeddable":true,"href":"https:\/\/cipele.ba\/en\/wp-json\/wp\/v2\/product_brand?post=31421"},{"taxonomy":"product_cat","embeddable":true,"href":"https:\/\/cipele.ba\/en\/wp-json\/wp\/v2\/product_cat?post=31421"},{"taxonomy":"product_tag","embeddable":true,"href":"https:\/\/cipele.ba\/en\/wp-json\/wp\/v2\/product_tag?post=31421"}],"curies":[{"name":"wp","href":"https:\/\/api.w.org\/{rel}","templated":true}]}}