{"id":31444,"date":"2025-11-06T11:53:08","date_gmt":"2025-11-06T11:53:08","guid":{"rendered":"https:\/\/cipele.ba\/shop\/uncategorized\/reebok-court-advance-surge-3\/"},"modified":"2026-04-21T22:35:23","modified_gmt":"2026-04-21T22:35:23","slug":"reebok-court-advance-surge-3","status":"publish","type":"product","link":"https:\/\/cipele.ba\/en\/shop\/zene\/zenske-patike\/reebok-court-advance-surge-3\/","title":{"rendered":"Reebok Court Advance Surge"},"content":{"rendered":"<p><!--googleoff: all--> <\/p>\n<p> Reebok Court Advance Surge su svestrane i elegantne \u017eenske patike. <\/p>\n<\/p>\n<p> <b> Detalji <\/b> <\/p>\n<li> Izdr\u017eljivi materijali <\/li>\n<li> Kombinacija udobnosti i ugla\u0111ene estetike <\/li>\n<li> Pogodne za svakodnevno no\u0161enje <\/li>\n<li> Opremljene pertlama i jastu\u010di\u0107ima u unutra\u0161njosti \u0111ona <!--googleon: all--> <\/li>","protected":false},"excerpt":{"rendered":"<p>Reebok Court Advance Surge su svestrane i elegantne \u017eenske patike. Detalji Izdr\u017eljivi materijali Kombinacija udobnosti i ugla\u0111ene estetike Pogodne za svakodnevno no\u0161enje Opremljene pertlama i jastu\u010di\u0107ima u unutra\u0161njosti \u0111ona<\/p>","protected":false},"featured_media":31441,"template":"","meta":{"jetpack_post_was_ever_published":false},"product_brand":[111],"product_cat":[63],"product_tag":[],"class_list":{"0":"post-31444","1":"product","2":"type-product","3":"status-publish","4":"has-post-thumbnail","6":"product_brand-sport_reality","7":"product_cat-zenske-patike","9":"first","10":"instock","11":"sale","12":"shipping-taxable","13":"product-type-external"},"jetpack-related-posts":[],"jetpack_sharing_enabled":true,"_links":{"self":[{"href":"https:\/\/cipele.ba\/en\/wp-json\/wp\/v2\/product\/31444","targetHints":{"allow":["GET"]}}],"collection":[{"href":"https:\/\/cipele.ba\/en\/wp-json\/wp\/v2\/product"}],"about":[{"href":"https:\/\/cipele.ba\/en\/wp-json\/wp\/v2\/types\/product"}],"wp:featuredmedia":[{"embeddable":true,"href":"https:\/\/cipele.ba\/en\/wp-json\/wp\/v2\/media\/31441"}],"wp:attachment":[{"href":"https:\/\/cipele.ba\/en\/wp-json\/wp\/v2\/media?parent=31444"}],"wp:term":[{"taxonomy":"product_brand","embeddable":true,"href":"https:\/\/cipele.ba\/en\/wp-json\/wp\/v2\/product_brand?post=31444"},{"taxonomy":"product_cat","embeddable":true,"href":"https:\/\/cipele.ba\/en\/wp-json\/wp\/v2\/product_cat?post=31444"},{"taxonomy":"product_tag","embeddable":true,"href":"https:\/\/cipele.ba\/en\/wp-json\/wp\/v2\/product_tag?post=31444"}],"curies":[{"name":"wp","href":"https:\/\/api.w.org\/{rel}","templated":true}]}}