{"id":31450,"date":"2025-11-06T11:53:12","date_gmt":"2025-11-06T11:53:12","guid":{"rendered":"https:\/\/cipele.ba\/shop\/uncategorized\/kronos-dunja\/"},"modified":"2026-04-22T01:10:00","modified_gmt":"2026-04-22T01:10:00","slug":"kronos-dunja","status":"publish","type":"product","link":"https:\/\/cipele.ba\/en\/shop\/zene\/zenske-patike\/kronos-dunja\/","title":{"rendered":"Kronos Dunja"},"content":{"rendered":"<p><!--googleoff: all--> <\/p>\n<p> Kronos Dunja \u017eenske lifestyle patike pru\u017eaju bezvremenski stil sa jednostavnim, svedenim dizajnom namenjenim za svakodnevno no\u0161enje. <\/p>\n<\/p>\n<p> <b> Detalji <\/b> <\/p>\n<li> Pertle pru\u017eaju \u010dvrsto i personalizovano prianjanje <\/li>\n<li> \u010cvrst gumeni spoljni \u0111on pru\u017ea pouzdano prianjanje i izdr\u017eljivost <\/li>\n<li> Svedeni dizajn se lako kombinuje sa le\u017eernim i sportskim izgledima <\/li>\n<li> Osje\u0107aj lako\u0107e pru\u017ea dugotrajnu udobnost tokom dana <!--googleon: all--> <\/li>","protected":false},"excerpt":{"rendered":"<p>Kronos Dunja \u017eenske lifestyle patike pru\u017eaju bezvremenski stil sa jednostavnim, svedenim dizajnom namenjenim za svakodnevno no\u0161enje. Detalji Pertle pru\u017eaju \u010dvrsto i personalizovano prianjanje \u010cvrst gumeni spoljni \u0111on pru\u017ea pouzdano prianjanje i izdr\u017eljivost Svedeni dizajn se lako kombinuje sa le\u017eernim i sportskim izgledima Osje\u0107aj lako\u0107e pru\u017ea dugotrajnu udobnost tokom dana<\/p>","protected":false},"featured_media":31447,"template":"","meta":{"jetpack_post_was_ever_published":false},"product_brand":[111],"product_cat":[63],"product_tag":[],"class_list":{"0":"post-31450","1":"product","2":"type-product","3":"status-publish","4":"has-post-thumbnail","6":"product_brand-sport_reality","7":"product_cat-zenske-patike","9":"first","10":"instock","11":"sale","12":"shipping-taxable","13":"product-type-external"},"jetpack-related-posts":[],"jetpack_sharing_enabled":true,"_links":{"self":[{"href":"https:\/\/cipele.ba\/en\/wp-json\/wp\/v2\/product\/31450","targetHints":{"allow":["GET"]}}],"collection":[{"href":"https:\/\/cipele.ba\/en\/wp-json\/wp\/v2\/product"}],"about":[{"href":"https:\/\/cipele.ba\/en\/wp-json\/wp\/v2\/types\/product"}],"wp:featuredmedia":[{"embeddable":true,"href":"https:\/\/cipele.ba\/en\/wp-json\/wp\/v2\/media\/31447"}],"wp:attachment":[{"href":"https:\/\/cipele.ba\/en\/wp-json\/wp\/v2\/media?parent=31450"}],"wp:term":[{"taxonomy":"product_brand","embeddable":true,"href":"https:\/\/cipele.ba\/en\/wp-json\/wp\/v2\/product_brand?post=31450"},{"taxonomy":"product_cat","embeddable":true,"href":"https:\/\/cipele.ba\/en\/wp-json\/wp\/v2\/product_cat?post=31450"},{"taxonomy":"product_tag","embeddable":true,"href":"https:\/\/cipele.ba\/en\/wp-json\/wp\/v2\/product_tag?post=31450"}],"curies":[{"name":"wp","href":"https:\/\/api.w.org\/{rel}","templated":true}]}}