{"id":31454,"date":"2025-11-06T11:53:15","date_gmt":"2025-11-06T11:53:15","guid":{"rendered":"https:\/\/cipele.ba\/shop\/uncategorized\/kronos-djurdja-3\/"},"modified":"2026-04-21T21:29:40","modified_gmt":"2026-04-21T21:29:40","slug":"kronos-djurdja-3","status":"publish","type":"product","link":"https:\/\/cipele.ba\/en\/shop\/zene\/zenske-patike\/kronos-djurdja-3\/","title":{"rendered":"Kronos Djurdja"},"content":{"rendered":"<p><!--googleoff: all--> <\/p>\n<p> Kronos Djurdja lifestyle patike za \u017eene kombinuju svakodnevnu udobnost i sveden, prilagodljiv dizajn za bezbri\u017eni stil. <\/p>\n<\/p>\n<p> <b> Detalji <\/b> <\/p>\n<li> Pertle omogu\u0107avaju \u010dvrsto prianjanje i prilago\u0111avanje <\/li>\n<li> Izdr\u017eljivi spoljni \u0111on od gume osigurava trakciju i dugotrajno no\u0161enje <\/li>\n<li> Minimalisti\u010dki dizajn mo\u017ee lako da se uklopi u bilo koju odjevnu kombinaciju <!--googleon: all--> <\/li>","protected":false},"excerpt":{"rendered":"<p>Kronos Djurdja lifestyle patike za \u017eene kombinuju svakodnevnu udobnost i sveden, prilagodljiv dizajn za bezbri\u017eni stil. Detalji Pertle omogu\u0107avaju \u010dvrsto prianjanje i prilago\u0111avanje Izdr\u017eljivi spoljni \u0111on od gume osigurava trakciju i dugotrajno no\u0161enje Minimalisti\u010dki dizajn mo\u017ee lako da se uklopi u bilo koju odjevnu kombinaciju<\/p>","protected":false},"featured_media":31452,"template":"","meta":{"jetpack_post_was_ever_published":false},"product_brand":[111],"product_cat":[63],"product_tag":[],"class_list":{"0":"post-31454","1":"product","2":"type-product","3":"status-publish","4":"has-post-thumbnail","6":"product_brand-sport_reality","7":"product_cat-zenske-patike","9":"first","10":"instock","11":"sale","12":"shipping-taxable","13":"product-type-external"},"jetpack-related-posts":[],"jetpack_sharing_enabled":true,"_links":{"self":[{"href":"https:\/\/cipele.ba\/en\/wp-json\/wp\/v2\/product\/31454","targetHints":{"allow":["GET"]}}],"collection":[{"href":"https:\/\/cipele.ba\/en\/wp-json\/wp\/v2\/product"}],"about":[{"href":"https:\/\/cipele.ba\/en\/wp-json\/wp\/v2\/types\/product"}],"wp:featuredmedia":[{"embeddable":true,"href":"https:\/\/cipele.ba\/en\/wp-json\/wp\/v2\/media\/31452"}],"wp:attachment":[{"href":"https:\/\/cipele.ba\/en\/wp-json\/wp\/v2\/media?parent=31454"}],"wp:term":[{"taxonomy":"product_brand","embeddable":true,"href":"https:\/\/cipele.ba\/en\/wp-json\/wp\/v2\/product_brand?post=31454"},{"taxonomy":"product_cat","embeddable":true,"href":"https:\/\/cipele.ba\/en\/wp-json\/wp\/v2\/product_cat?post=31454"},{"taxonomy":"product_tag","embeddable":true,"href":"https:\/\/cipele.ba\/en\/wp-json\/wp\/v2\/product_tag?post=31454"}],"curies":[{"name":"wp","href":"https:\/\/api.w.org\/{rel}","templated":true}]}}