{"id":31481,"date":"2025-11-06T11:53:32","date_gmt":"2025-11-06T11:53:32","guid":{"rendered":"https:\/\/cipele.ba\/shop\/uncategorized\/skechers-bobs-flex\/"},"modified":"2026-04-21T17:00:11","modified_gmt":"2026-04-21T17:00:11","slug":"skechers-bobs-flex","status":"publish","type":"product","link":"https:\/\/cipele.ba\/en\/shop\/zene\/zenske-patike\/skechers-bobs-flex\/","title":{"rendered":"Skechers Bobs Flex"},"content":{"rendered":"<p><!--googleoff: all--> <\/p>\n<p> Skechers BOBS B Flex High \u017eenske patike kombinuju savremeni stil sa udobno\u0161\u0107u svakodnevne obu\u0107e, uz pleteno gornji\u0161te koje di\u0161e, amortizuju\u0107i unutra\u0161nji \u0111on, i fleksibilni \u0111on za kretanje bez frikcije. <\/p>\n<\/p>\n<p> <b> Detalji: <\/b> <\/p>\n<li> Lagano pleteno gornji\u0161te koje di\u0161e i pru\u017ea udobnost <\/li>\n<li> Unutra\u0161nji \u0111on od memorijske pjene, za superiornu amortizaciju i potporu <\/li>\n<li> Fleksibilni gumeni spoljni \u0111on za stabilnost i trakciju <\/li>\n<li> Duboka patika sa dodatnom potporom za \u010dlanak <\/li>\n<li> Slip-on, sa elasti\u010dnim pertlama <!--googleon: all--> <\/li>","protected":false},"excerpt":{"rendered":"<p>Skechers BOBS B Flex High \u017eenske patike kombinuju savremeni stil sa udobno\u0161\u0107u svakodnevne obu\u0107e, uz pleteno gornji\u0161te koje di\u0161e, amortizuju\u0107i unutra\u0161nji \u0111on, i fleksibilni \u0111on za kretanje bez frikcije. Detalji: Lagano pleteno gornji\u0161te koje di\u0161e i pru\u017ea udobnost Unutra\u0161nji \u0111on od memorijske pjene, za superiornu amortizaciju i potporu Fleksibilni gumeni spoljni \u0111on za stabilnost i [&hellip;]<\/p>","protected":false},"featured_media":31478,"template":"","meta":{"jetpack_post_was_ever_published":false},"product_brand":[111],"product_cat":[63],"product_tag":[],"class_list":{"0":"post-31481","1":"product","2":"type-product","3":"status-publish","4":"has-post-thumbnail","6":"product_brand-sport_reality","7":"product_cat-zenske-patike","9":"first","10":"instock","11":"shipping-taxable","12":"product-type-external"},"jetpack-related-posts":[],"jetpack_sharing_enabled":true,"_links":{"self":[{"href":"https:\/\/cipele.ba\/en\/wp-json\/wp\/v2\/product\/31481","targetHints":{"allow":["GET"]}}],"collection":[{"href":"https:\/\/cipele.ba\/en\/wp-json\/wp\/v2\/product"}],"about":[{"href":"https:\/\/cipele.ba\/en\/wp-json\/wp\/v2\/types\/product"}],"wp:featuredmedia":[{"embeddable":true,"href":"https:\/\/cipele.ba\/en\/wp-json\/wp\/v2\/media\/31478"}],"wp:attachment":[{"href":"https:\/\/cipele.ba\/en\/wp-json\/wp\/v2\/media?parent=31481"}],"wp:term":[{"taxonomy":"product_brand","embeddable":true,"href":"https:\/\/cipele.ba\/en\/wp-json\/wp\/v2\/product_brand?post=31481"},{"taxonomy":"product_cat","embeddable":true,"href":"https:\/\/cipele.ba\/en\/wp-json\/wp\/v2\/product_cat?post=31481"},{"taxonomy":"product_tag","embeddable":true,"href":"https:\/\/cipele.ba\/en\/wp-json\/wp\/v2\/product_tag?post=31481"}],"curies":[{"name":"wp","href":"https:\/\/api.w.org\/{rel}","templated":true}]}}