{"id":31493,"date":"2025-11-06T11:53:40","date_gmt":"2025-11-06T11:53:40","guid":{"rendered":"https:\/\/cipele.ba\/shop\/uncategorized\/lotto-lucy\/"},"modified":"2026-04-19T20:30:11","modified_gmt":"2026-04-19T20:30:11","slug":"lotto-lucy","status":"publish","type":"product","link":"https:\/\/cipele.ba\/en\/shop\/zene\/zenske-patike\/lotto-lucy\/","title":{"rendered":"Lotto Lucy"},"content":{"rendered":"<p><!--googleoff: all--> <\/p>\n<p> Lotto Lucy \u017eenske patike kombinuju stil i performanse sa dizajnom inspirisanim obu\u0107om za tr\u010danje. Imaju jezik i traku pozadi za lako no\u0161enje, kao i logotipe sa strane i na jeziku za dodatni brending. Gornji\u0161te je napravljeno od prozra\u010dne mre\u017easte tkanine sa dijelovima od TPU za izdr\u017eljivost, dok sinteti\u010dka mre\u017easta postava pru\u017ea udobnost. Ove patike, koje imaju ulo\u017eak od memorijske pjene, pru\u017eaju amortizovanu potporu tokom cijelog dana. <\/p>\n<\/p>\n<p> <b> Detalji <\/b> <\/p>\n<li> Gornji\u0161te je napravljeno od prozra\u010dnih mre\u017eastih elemenata sa dijelovima od TPU <\/li>\n<li> Sinteti\u010dka mre\u017easta postava <!--googleon: all--> <\/li>","protected":false},"excerpt":{"rendered":"<p>Lotto Lucy \u017eenske patike kombinuju stil i performanse sa dizajnom inspirisanim obu\u0107om za tr\u010danje. Imaju jezik i traku pozadi za lako no\u0161enje, kao i logotipe sa strane i na jeziku za dodatni brending. Gornji\u0161te je napravljeno od prozra\u010dne mre\u017easte tkanine sa dijelovima od TPU za izdr\u017eljivost, dok sinteti\u010dka mre\u017easta postava pru\u017ea udobnost. Ove patike, koje [&hellip;]<\/p>","protected":false},"featured_media":31490,"template":"","meta":{"jetpack_post_was_ever_published":false},"product_brand":[111],"product_cat":[63],"product_tag":[],"class_list":{"0":"post-31493","1":"product","2":"type-product","3":"status-publish","4":"has-post-thumbnail","6":"product_brand-sport_reality","7":"product_cat-zenske-patike","9":"first","10":"instock","11":"sale","12":"shipping-taxable","13":"product-type-external"},"jetpack-related-posts":[],"jetpack_sharing_enabled":true,"_links":{"self":[{"href":"https:\/\/cipele.ba\/en\/wp-json\/wp\/v2\/product\/31493","targetHints":{"allow":["GET"]}}],"collection":[{"href":"https:\/\/cipele.ba\/en\/wp-json\/wp\/v2\/product"}],"about":[{"href":"https:\/\/cipele.ba\/en\/wp-json\/wp\/v2\/types\/product"}],"wp:featuredmedia":[{"embeddable":true,"href":"https:\/\/cipele.ba\/en\/wp-json\/wp\/v2\/media\/31490"}],"wp:attachment":[{"href":"https:\/\/cipele.ba\/en\/wp-json\/wp\/v2\/media?parent=31493"}],"wp:term":[{"taxonomy":"product_brand","embeddable":true,"href":"https:\/\/cipele.ba\/en\/wp-json\/wp\/v2\/product_brand?post=31493"},{"taxonomy":"product_cat","embeddable":true,"href":"https:\/\/cipele.ba\/en\/wp-json\/wp\/v2\/product_cat?post=31493"},{"taxonomy":"product_tag","embeddable":true,"href":"https:\/\/cipele.ba\/en\/wp-json\/wp\/v2\/product_tag?post=31493"}],"curies":[{"name":"wp","href":"https:\/\/api.w.org\/{rel}","templated":true}]}}